{"id":690,"date":"2025-03-21T04:07:15","date_gmt":"2025-03-21T04:07:15","guid":{"rendered":"https:\/\/apsoluti.com.co\/contents\/?page_id=690"},"modified":"2025-03-21T06:46:59","modified_gmt":"2025-03-21T06:46:59","slug":"qcstory","status":"publish","type":"page","link":"https:\/\/apsoluti.com.co\/contents\/qcstory\/","title":{"rendered":"qcstory"},"content":{"rendered":"\t\t<div data-elementor-type=\"wp-page\" data-elementor-id=\"690\" class=\"elementor elementor-690\">\n\t\t\t\t\t\t<section class=\"elementor-section elementor-top-section elementor-element elementor-element-b58428d elementor-section-content-middle elementor-section-boxed elementor-section-height-default elementor-section-height-default\" data-id=\"b58428d\" data-element_type=\"section\" data-settings=\"{&quot;background_background&quot;:&quot;classic&quot;}\">\n\t\t\t\t\t\t<div class=\"elementor-container elementor-column-gap-default\">\n\t\t\t\t\t<div class=\"elementor-column elementor-col-50 elementor-top-column elementor-element elementor-element-970bbe2\" data-id=\"970bbe2\" data-element_type=\"column\">\n\t\t\t<div class=\"elementor-widget-wrap elementor-element-populated\">\n\t\t\t\t\t\t<div class=\"elementor-element elementor-element-d60069e elementor-widget elementor-widget-image\" data-id=\"d60069e\" data-element_type=\"widget\" data-widget_type=\"image.default\">\n\t\t\t\t<div class=\"elementor-widget-container\">\n\t\t\t\t\t\t\t\t\t\t\t\t\t\t\t<img decoding=\"async\" src=\"https:\/\/apsoluti.com.co\/contents\/wp-content\/uploads\/elementor\/thumbs\/tools1-r3645xtbk1cirgv2a5zlfoncf9kvl6atfcx61ysrqc.jpg\" title=\"tools1.jpg\" alt=\"tools1.jpg\" loading=\"lazy\" \/>\t\t\t\t\t\t\t\t\t\t\t\t\t\t\t<\/div>\n\t\t\t\t<\/div>\n\t\t\t\t\t<\/div>\n\t\t<\/div>\n\t\t\t\t<div class=\"elementor-column elementor-col-50 elementor-top-column elementor-element elementor-element-f4829f6\" data-id=\"f4829f6\" data-element_type=\"column\">\n\t\t\t<div class=\"elementor-widget-wrap elementor-element-populated\">\n\t\t\t\t\t\t<div class=\"elementor-element elementor-element-649c0a8 elementor-widget elementor-widget-heading\" data-id=\"649c0a8\" data-element_type=\"widget\" data-widget_type=\"heading.default\">\n\t\t\t\t<div class=\"elementor-widget-container\">\n\t\t\t\t\t<h1 class=\"elementor-heading-title elementor-size-default\">QC Story<\/h1>\t\t\t\t<\/div>\n\t\t\t\t<\/div>\n\t\t\t\t<div class=\"elementor-element elementor-element-d5fa4de elementor-widget elementor-widget-heading\" data-id=\"d5fa4de\" data-element_type=\"widget\" data-widget_type=\"heading.default\">\n\t\t\t\t<div class=\"elementor-widget-container\">\n\t\t\t\t\t<h2 class=\"elementor-heading-title elementor-size-default\">C\u00f3mo mejorar la calidad de productos<\/h2>\t\t\t\t<\/div>\n\t\t\t\t<\/div>\n\t\t\t\t<div class=\"elementor-element elementor-element-579bcfc elementor-widget-divider--view-line elementor-widget elementor-widget-divider\" data-id=\"579bcfc\" data-element_type=\"widget\" data-widget_type=\"divider.default\">\n\t\t\t\t<div class=\"elementor-widget-container\">\n\t\t\t\t\t\t\t<div class=\"elementor-divider\">\n\t\t\t<span class=\"elementor-divider-separator\">\n\t\t\t\t\t\t<\/span>\n\t\t<\/div>\n\t\t\t\t\t\t<\/div>\n\t\t\t\t<\/div>\n\t\t\t\t<div class=\"elementor-element elementor-element-e27f49a elementor-widget elementor-widget-text-editor\" data-id=\"e27f49a\" data-element_type=\"widget\" data-widget_type=\"text-editor.default\">\n\t\t\t\t<div class=\"elementor-widget-container\">\n\t\t\t\t\t\t\t\t\t<p>El ciclo de mejora continua de la calidad de productos, es conocido en el mundo del Control Total de Calidad con el nombre de QC Story. Esta es una ruta l\u00f3gica desarrollada originalmente por el Profesor Kaoru Ishikawa y el equipo de profesores de la JUSE. Este ciclo sigue la l\u00f3gica del ciclo Deming, tambi\u00e9n conocido como Ciclo PDCA.<\/p><p>Este programa es producto de tres d\u00e9cadas de trabajo pr\u00e1ctico en m\u00faltiples empresas industriales, con las que hemos colaborado, tanto formando a los profesionales de calidad, como realizando proyectos desde simples a complejos para optimizar la calidad y resolver problemas de calidad.<\/p>\t\t\t\t\t\t\t\t<\/div>\n\t\t\t\t<\/div>\n\t\t\t\t\t<\/div>\n\t\t<\/div>\n\t\t\t\t\t<\/div>\n\t\t<\/section>\n\t\t<div class=\"elementor-element elementor-element-2325504 e-flex e-con-boxed e-con e-parent\" data-id=\"2325504\" data-element_type=\"container\">\n\t\t\t\t\t<div class=\"e-con-inner\">\n\t\t<div class=\"elementor-element elementor-element-c3484b1 e-con-full e-flex e-con e-child\" data-id=\"c3484b1\" data-element_type=\"container\">\n\t\t\t\t<\/div>\n\t\t<div class=\"elementor-element elementor-element-7fea0b3 e-con-full e-flex e-con e-child\" data-id=\"7fea0b3\" data-element_type=\"container\">\n\t\t\t\t<div class=\"elementor-element elementor-element-0671d45 elementor-widget elementor-widget-heading\" data-id=\"0671d45\" data-element_type=\"widget\" data-widget_type=\"heading.default\">\n\t\t\t\t<div class=\"elementor-widget-container\">\n\t\t\t\t\t<h2 class=\"elementor-heading-title elementor-size-default\">Ciclo de mejora continua de la calidad<\/h2>\t\t\t\t<\/div>\n\t\t\t\t<\/div>\n\t\t\t\t<\/div>\n\t\t<div class=\"elementor-element elementor-element-f389989 e-con-full e-flex e-con e-child\" data-id=\"f389989\" data-element_type=\"container\">\n\t\t\t\t<\/div>\n\t\t\t\t\t<\/div>\n\t\t\t\t<\/div>\n\t\t<div class=\"elementor-element elementor-element-6ca38e5 e-flex e-con-boxed e-con e-parent\" data-id=\"6ca38e5\" data-element_type=\"container\">\n\t\t\t\t\t<div class=\"e-con-inner\">\n\t\t<div class=\"elementor-element elementor-element-f553e72 e-con-full e-flex e-con e-child\" data-id=\"f553e72\" data-element_type=\"container\">\n\t\t\t\t<\/div>\n\t\t<div class=\"elementor-element elementor-element-4b88c9a e-con-full e-flex e-con e-child\" data-id=\"4b88c9a\" data-element_type=\"container\">\n\t\t\t\t<div class=\"elementor-element elementor-element-4633611 elementor-widget elementor-widget-image\" data-id=\"4633611\" data-element_type=\"widget\" data-widget_type=\"image.default\">\n\t\t\t\t<div class=\"elementor-widget-container\">\n\t\t\t\t\t\t\t\t\t\t\t\t\t\t\t<img fetchpriority=\"high\" decoding=\"async\" width=\"931\" height=\"788\" src=\"https:\/\/apsoluti.com.co\/contents\/wp-content\/uploads\/2025\/03\/kaizen1.png\" class=\"attachment-large size-large wp-image-699\" alt=\"\" srcset=\"https:\/\/apsoluti.com.co\/contents\/wp-content\/uploads\/2025\/03\/kaizen1.png 931w, https:\/\/apsoluti.com.co\/contents\/wp-content\/uploads\/2025\/03\/kaizen1-300x254.png 300w, https:\/\/apsoluti.com.co\/contents\/wp-content\/uploads\/2025\/03\/kaizen1-768x650.png 768w\" sizes=\"(max-width: 931px) 100vw, 931px\" \/>\t\t\t\t\t\t\t\t\t\t\t\t\t\t\t<\/div>\n\t\t\t\t<\/div>\n\t\t\t\t<\/div>\n\t\t<div class=\"elementor-element elementor-element-00a1db7 e-con-full e-flex e-con e-child\" data-id=\"00a1db7\" data-element_type=\"container\">\n\t\t\t\t<\/div>\n\t\t\t\t\t<\/div>\n\t\t\t\t<\/div>\n\t\t\t\t<section class=\"elementor-section elementor-top-section elementor-element elementor-element-b11aa1a elementor-section-boxed elementor-section-height-default elementor-section-height-default\" data-id=\"b11aa1a\" data-element_type=\"section\">\n\t\t\t\t\t\t<div class=\"elementor-container elementor-column-gap-default\">\n\t\t\t\t\t<div class=\"elementor-column elementor-col-33 elementor-top-column elementor-element elementor-element-cba1105\" data-id=\"cba1105\" data-element_type=\"column\">\n\t\t\t<div class=\"elementor-widget-wrap\">\n\t\t\t\t\t\t\t<\/div>\n\t\t<\/div>\n\t\t\t\t<div class=\"elementor-column elementor-col-33 elementor-top-column elementor-element elementor-element-7109941\" data-id=\"7109941\" data-element_type=\"column\">\n\t\t\t<div class=\"elementor-widget-wrap elementor-element-populated\">\n\t\t\t\t\t\t<div class=\"elementor-element elementor-element-871e127 elementor-widget elementor-widget-text-editor\" data-id=\"871e127\" data-element_type=\"widget\" data-widget_type=\"text-editor.default\">\n\t\t\t\t<div class=\"elementor-widget-container\">\n\t\t\t\t\t\t\t\t\t<p>La formaci\u00f3n de la metodolog\u00eda QC Story se inicia con el entrenamiento de la ruta a seguir, pasos y t\u00e9cnicas recomendadas. Los participantes tienen la oportunidad de realizar un proyecto de estudio con la tutor\u00eda del formador.\u00a0<\/p><p>Como parte del entrenamiento, entregamos gu\u00edas de trabajo para cada paso y ayudas para implantar las t\u00e9cnicas de an\u00e1lisis, diagn\u00f3stico y planificaci\u00f3n de acciones.<\/p><p>Este entrenamiento tiene una duraci\u00f3n de 16 horas, repartidas en cuatro sesiones de cuatro horas en su empresa. Existe la posibilidad de realizar este entrenamiento en formato virtual.<\/p>\t\t\t\t\t\t\t\t<\/div>\n\t\t\t\t<\/div>\n\t\t\t\t<div class=\"elementor-element elementor-element-edb6aea elementor-widget elementor-widget-heading\" data-id=\"edb6aea\" data-element_type=\"widget\" data-widget_type=\"heading.default\">\n\t\t\t\t<div class=\"elementor-widget-container\">\n\t\t\t\t\t<h2 class=\"elementor-heading-title elementor-size-default\">T\u00e9cnicas<\/h2>\t\t\t\t<\/div>\n\t\t\t\t<\/div>\n\t\t\t\t<div class=\"elementor-element elementor-element-3f18c7c elementor-widget elementor-widget-text-editor\" data-id=\"3f18c7c\" data-element_type=\"widget\" data-widget_type=\"text-editor.default\">\n\t\t\t\t<div class=\"elementor-widget-container\">\n\t\t\t\t\t\t\t\t\t<p>Iniciamos con la pr\u00e1ctica de ls herramientas cl\u00e1sicas de mejora continua de la calidad de productos (estratificaci\u00f3n Principio de Pareto, Diagrama de Causa Efecto, gr\u00e1ficos de control, etc. Dependiendo de la complejidad del problema, continuamos el entrenamiento utilizando herramientas estad\u00edsticas de mejora como dise\u00f1o de experimentos, an\u00e1lisis multivariable, estratificaci\u00f3n avanzada, m\u00e9todos Taguchi, Seis Sigma, etc. La l\u00f3gica del entrenamiento es la siguiente:<\/p><p>\u00a0<\/p>\t\t\t\t\t\t\t\t<\/div>\n\t\t\t\t<\/div>\n\t\t\t\t<div class=\"elementor-element elementor-element-29074db elementor-widget elementor-widget-image\" data-id=\"29074db\" data-element_type=\"widget\" data-widget_type=\"image.default\">\n\t\t\t\t<div class=\"elementor-widget-container\">\n\t\t\t\t\t\t\t\t\t\t\t\t\t\t\t<img decoding=\"async\" width=\"1024\" height=\"397\" src=\"https:\/\/apsoluti.com.co\/contents\/wp-content\/uploads\/2025\/03\/ruta-demejora-1024x397.png\" class=\"attachment-large size-large wp-image-707\" alt=\"\" srcset=\"https:\/\/apsoluti.com.co\/contents\/wp-content\/uploads\/2025\/03\/ruta-demejora-1024x397.png 1024w, https:\/\/apsoluti.com.co\/contents\/wp-content\/uploads\/2025\/03\/ruta-demejora-300x116.png 300w, https:\/\/apsoluti.com.co\/contents\/wp-content\/uploads\/2025\/03\/ruta-demejora-768x298.png 768w, https:\/\/apsoluti.com.co\/contents\/wp-content\/uploads\/2025\/03\/ruta-demejora.png 1439w\" sizes=\"(max-width: 1024px) 100vw, 1024px\" \/>\t\t\t\t\t\t\t\t\t\t\t\t\t\t\t<\/div>\n\t\t\t\t<\/div>\n\t\t\t\t<div class=\"elementor-element elementor-element-743a8c8 elementor-widget elementor-widget-heading\" data-id=\"743a8c8\" data-element_type=\"widget\" data-widget_type=\"heading.default\">\n\t\t\t\t<div class=\"elementor-widget-container\">\n\t\t\t\t\t<h2 class=\"elementor-heading-title elementor-size-default\">Nuestra experiencia y proyectos realizados<\/h2>\t\t\t\t<\/div>\n\t\t\t\t<\/div>\n\t\t\t\t<div class=\"elementor-element elementor-element-00a23d5 elementor-widget elementor-widget-text-editor\" data-id=\"00a23d5\" data-element_type=\"widget\" data-widget_type=\"text-editor.default\">\n\t\t\t\t<div class=\"elementor-widget-container\">\n\t\t\t\t\t\t\t\t\t<p>Hemos participado en m\u00e1s de 1200 proyectos de mejora y formado a cientos de empresas en m\u00e1s de 15 pa\u00edses a aprender a resolver problemas sencillos y muy complejos de calidad en diferentes sectores industriales. Destacamos los siguientes proyectos: Eliminaci\u00f3n de defectos de fundici\u00f3n, reducci\u00f3n dr\u00e1stica de segundas calidades de producto, optimizaci\u00f3n de par\u00e1metros de calidad de producto y proceso, reducci\u00f3n de consumos de materiales y optimizaci\u00f3n de <em>yield<\/em>, defecto de ensamble de motos, autos, electrodom\u00e9sticos, optimizaci\u00f3n cultivos, partes para tecnolog\u00eda de avi\u00f3nica, mejora calidad en envasado de bebidas, optimizaci\u00f3n de mezclas y numerosos m\u00e1s.&nbsp;<\/p>\t\t\t\t\t\t\t\t<\/div>\n\t\t\t\t<\/div>\n\t\t\t\t<div class=\"elementor-element elementor-element-b2bed56 elementor-widget elementor-widget-heading\" data-id=\"b2bed56\" data-element_type=\"widget\" data-widget_type=\"heading.default\">\n\t\t\t\t<div class=\"elementor-widget-container\">\n\t\t\t\t\t<h2 class=\"elementor-heading-title elementor-size-default\">Instructores de primer nivel internacional formados con reconocidos maestros en Jap\u00f3n, Estados Unidos y Europa.<\/h2>\t\t\t\t<\/div>\n\t\t\t\t<\/div>\n\t\t\t\t<div class=\"elementor-element elementor-element-acb308b elementor-widget elementor-widget-text-editor\" data-id=\"acb308b\" data-element_type=\"widget\" data-widget_type=\"text-editor.default\">\n\t\t\t\t<div class=\"elementor-widget-container\">\n\t\t\t\t\t\t\t\t\t<p>Estos programas son impartidos por reconocidos y veteranos expertos formados en la escuela japonesa de mejora de la calidad: Los hermanos H\u00e9ctor Ren\u00e9 \u00c1lvarez y Humberto \u00c1lvarez Laverde.<\/p><p>Ren\u00e9 tiene un t\u00edtulo de Doctor (Ph.D) en ciencia de datos aplicada a la industria, maestr\u00eda en gesti\u00f3n de producci\u00f3n y otra en estad\u00edstica; es licenciado en matem\u00e1ticas. Ren\u00e9 recibi\u00f3 entrenamiento en Ingenier\u00eda Avanzada de Calidad con la JUSE en Tokio y realiz\u00f3 trabajos pr\u00e1cticos en la empresa Fuji &#8211; Xerox de Jap\u00f3n. Ha colaborado con empresas reconocidas internacionalmente realizando estudios avanzados en proyectos de mejora de la calidad.<\/p><p>Humberto es ingeniero mec\u00e1nico, MBA por el IESE Business y formado en Direcci\u00f3n Industrial en la Universidad de Tokio. Fue alumno de reconocidos expertos como el Dr. Kaoru Ishikawa quien dirigi\u00f3 su trabajo de grado, Dr. Noriaki Kano mentor en temas de calidad, Profesores Mizuno, Tsuda, Takahashi, Fukuda y otros. Adem\u00e1s se form\u00f3 en procesos de mejora y calidad estrat\u00e9gica con los Drs. Joseph Juran, Armand Feigenbaum y Glen Mazur.\u00a0<\/p>\t\t\t\t\t\t\t\t<\/div>\n\t\t\t\t<\/div>\n\t\t\t\t\t<\/div>\n\t\t<\/div>\n\t\t\t\t<div class=\"elementor-column elementor-col-33 elementor-top-column elementor-element elementor-element-4e00fd7\" data-id=\"4e00fd7\" data-element_type=\"column\">\n\t\t\t<div class=\"elementor-widget-wrap\">\n\t\t\t\t\t\t\t<\/div>\n\t\t<\/div>\n\t\t\t\t\t<\/div>\n\t\t<\/section>\n\t\t<div class=\"elementor-element elementor-element-a4eab61 e-flex e-con-boxed e-con e-parent\" data-id=\"a4eab61\" data-element_type=\"container\">\n\t\t\t\t\t<div class=\"e-con-inner\">\n\t\t<div class=\"elementor-element elementor-element-c48818f e-con-full e-flex e-con e-child\" data-id=\"c48818f\" data-element_type=\"container\">\n\t\t\t\t<\/div>\n\t\t<div class=\"elementor-element elementor-element-944efde e-con-full e-flex e-con e-child\" data-id=\"944efde\" data-element_type=\"container\">\n\t\t\t\t<div class=\"elementor-element elementor-element-67d9089 elementor-widget elementor-widget-heading\" data-id=\"67d9089\" data-element_type=\"widget\" data-widget_type=\"heading.default\">\n\t\t\t\t<div class=\"elementor-widget-container\">\n\t\t\t\t\t<h2 class=\"elementor-heading-title elementor-size-default\">Cons\u00faltenos y le ayudaremos a dise\u00f1ar un plan de formaci\u00f3n y mentor\u00eda para su equipo profesional<\/h2>\t\t\t\t<\/div>\n\t\t\t\t<\/div>\n\t\t\t\t<div class=\"elementor-element elementor-element-f4fa3e5 elementor-align-center elementor-widget elementor-widget-button\" data-id=\"f4fa3e5\" data-element_type=\"widget\" data-widget_type=\"button.default\">\n\t\t\t\t<div class=\"elementor-widget-container\">\n\t\t\t\t\t\t\t\t\t<div class=\"elementor-button-wrapper\">\n\t\t\t\t\t<a class=\"elementor-button elementor-button-link elementor-size-sm\" href=\"https:\/\/apsoluti.com.co\/contactos.html\" target=\"_blank\">\n\t\t\t\t\t\t<span class=\"elementor-button-content-wrapper\">\n\t\t\t\t\t\t\t\t\t<span class=\"elementor-button-text\">Cons\u00faltenos ......<\/span>\n\t\t\t\t\t<\/span>\n\t\t\t\t\t<\/a>\n\t\t\t\t<\/div>\n\t\t\t\t\t\t\t\t<\/div>\n\t\t\t\t<\/div>\n\t\t\t\t<\/div>\n\t\t<div class=\"elementor-element elementor-element-2c09b2f e-con-full e-flex e-con e-child\" data-id=\"2c09b2f\" data-element_type=\"container\">\n\t\t\t\t<\/div>\n\t\t\t\t\t<\/div>\n\t\t\t\t<\/div>\n\t\t<div class=\"elementor-element elementor-element-a501b27 e-flex e-con-boxed e-con e-parent\" data-id=\"a501b27\" data-element_type=\"container\">\n\t\t\t\t\t<div class=\"e-con-inner\">\n\t\t<div class=\"elementor-element elementor-element-2711eee e-con-full e-flex e-con e-child\" data-id=\"2711eee\" data-element_type=\"container\">\n\t\t\t\t<\/div>\n\t\t<div class=\"elementor-element elementor-element-546fc7a e-con-full e-flex e-con e-child\" data-id=\"546fc7a\" data-element_type=\"container\">\n\t\t\t\t<div class=\"elementor-element elementor-element-2882e96 elementor-widget-divider--view-line elementor-widget elementor-widget-divider\" data-id=\"2882e96\" data-element_type=\"widget\" data-widget_type=\"divider.default\">\n\t\t\t\t<div class=\"elementor-widget-container\">\n\t\t\t\t\t\t\t<div class=\"elementor-divider\">\n\t\t\t<span class=\"elementor-divider-separator\">\n\t\t\t\t\t\t<\/span>\n\t\t<\/div>\n\t\t\t\t\t\t<\/div>\n\t\t\t\t<\/div>\n\t\t\t\t<\/div>\n\t\t<div class=\"elementor-element elementor-element-09dd02f e-con-full e-flex e-con e-child\" data-id=\"09dd02f\" data-element_type=\"container\">\n\t\t\t\t<\/div>\n\t\t\t\t\t<\/div>\n\t\t\t\t<\/div>\n\t\t\t\t<\/div>\n\t\t","protected":false},"excerpt":{"rendered":"<p>QC Story C\u00f3mo mejorar la calidad de productos El ciclo de mejora continua de la calidad de productos, es conocido [&hellip;]<\/p>\n","protected":false},"author":1,"featured_media":0,"parent":0,"menu_order":0,"comment_status":"closed","ping_status":"closed","template":"","meta":{"site-sidebar-layout":"no-sidebar","site-content-layout":"","ast-site-content-layout":"full-width-container","site-content-style":"default","site-sidebar-style":"default","ast-global-header-display":"","ast-banner-title-visibility":"","ast-main-header-display":"","ast-hfb-above-header-display":"","ast-hfb-below-header-display":"","ast-hfb-mobile-header-display":"","site-post-title":"disabled","ast-breadcrumbs-content":"","ast-featured-img":"disabled","footer-sml-layout":"","theme-transparent-header-meta":"default","adv-header-id-meta":"","stick-header-meta":"","header-above-stick-meta":"","header-main-stick-meta":"","header-below-stick-meta":"","astra-migrate-meta-layouts":"set","ast-page-background-enabled":"default","ast-page-background-meta":{"desktop":{"background-color":"var(--ast-global-color-5)","background-image":"","background-repeat":"repeat","background-position":"center center","background-size":"auto","background-attachment":"scroll","background-type":"","background-media":"","overlay-type":"","overlay-color":"","overlay-opacity":"","overlay-gradient":""},"tablet":{"background-color":"","background-image":"","background-repeat":"repeat","background-position":"center center","background-size":"auto","background-attachment":"scroll","background-type":"","background-media":"","overlay-type":"","overlay-color":"","overlay-opacity":"","overlay-gradient":""},"mobile":{"background-color":"","background-image":"","background-repeat":"repeat","background-position":"center center","background-size":"auto","background-attachment":"scroll","background-type":"","background-media":"","overlay-type":"","overlay-color":"","overlay-opacity":"","overlay-gradient":""}},"ast-content-background-meta":{"desktop":{"background-color":"var(--ast-global-color-4)","background-image":"","background-repeat":"repeat","background-position":"center center","background-size":"auto","background-attachment":"scroll","background-type":"","background-media":"","overlay-type":"","overlay-color":"","overlay-opacity":"","overlay-gradient":""},"tablet":{"background-color":"var(--ast-global-color-4)","background-image":"","background-repeat":"repeat","background-position":"center center","background-size":"auto","background-attachment":"scroll","background-type":"","background-media":"","overlay-type":"","overlay-color":"","overlay-opacity":"","overlay-gradient":""},"mobile":{"background-color":"var(--ast-global-color-4)","background-image":"","background-repeat":"repeat","background-position":"center center","background-size":"auto","background-attachment":"scroll","background-type":"","background-media":"","overlay-type":"","overlay-color":"","overlay-opacity":"","overlay-gradient":""}},"footnotes":""},"class_list":["post-690","page","type-page","status-publish","hentry"],"_links":{"self":[{"href":"https:\/\/apsoluti.com.co\/contents\/wp-json\/wp\/v2\/pages\/690","targetHints":{"allow":["GET"]}}],"collection":[{"href":"https:\/\/apsoluti.com.co\/contents\/wp-json\/wp\/v2\/pages"}],"about":[{"href":"https:\/\/apsoluti.com.co\/contents\/wp-json\/wp\/v2\/types\/page"}],"author":[{"embeddable":true,"href":"https:\/\/apsoluti.com.co\/contents\/wp-json\/wp\/v2\/users\/1"}],"replies":[{"embeddable":true,"href":"https:\/\/apsoluti.com.co\/contents\/wp-json\/wp\/v2\/comments?post=690"}],"version-history":[{"count":55,"href":"https:\/\/apsoluti.com.co\/contents\/wp-json\/wp\/v2\/pages\/690\/revisions"}],"predecessor-version":[{"id":806,"href":"https:\/\/apsoluti.com.co\/contents\/wp-json\/wp\/v2\/pages\/690\/revisions\/806"}],"wp:attachment":[{"href":"https:\/\/apsoluti.com.co\/contents\/wp-json\/wp\/v2\/media?parent=690"}],"curies":[{"name":"wp","href":"https:\/\/api.w.org\/{rel}","templated":true}]}}