{"id":2673,"date":"2026-05-05T10:46:31","date_gmt":"2026-05-05T10:46:31","guid":{"rendered":"https:\/\/apsoluti.com.co\/contents\/?page_id=2673"},"modified":"2026-05-05T10:58:24","modified_gmt":"2026-05-05T10:58:24","slug":"conversacion_ishikawa","status":"publish","type":"page","link":"https:\/\/apsoluti.com.co\/contents\/conversacion_ishikawa\/","title":{"rendered":"conversacion_ishikawa"},"content":{"rendered":"\t\t<div data-elementor-type=\"wp-page\" data-elementor-id=\"2673\" class=\"elementor elementor-2673\">\n\t\t\t\t\t\t<section class=\"elementor-section elementor-top-section elementor-element elementor-element-1280536 elementor-section-boxed elementor-section-height-default elementor-section-height-default\" data-id=\"1280536\" data-element_type=\"section\">\n\t\t\t\t\t\t<div class=\"elementor-container elementor-column-gap-default\">\n\t\t\t\t\t<div class=\"elementor-column elementor-col-33 elementor-top-column elementor-element elementor-element-a3ff4f0\" data-id=\"a3ff4f0\" data-element_type=\"column\">\n\t\t\t<div class=\"elementor-widget-wrap\">\n\t\t\t\t\t\t\t<\/div>\n\t\t<\/div>\n\t\t\t\t<div class=\"elementor-column elementor-col-33 elementor-top-column elementor-element elementor-element-f9135db\" data-id=\"f9135db\" data-element_type=\"column\">\n\t\t\t<div class=\"elementor-widget-wrap elementor-element-populated\">\n\t\t\t\t\t\t<div class=\"elementor-element elementor-element-ef8e212 elementor-widget elementor-widget-heading\" data-id=\"ef8e212\" data-element_type=\"widget\" data-widget_type=\"heading.default\">\n\t\t\t\t<div class=\"elementor-widget-container\">\n\t\t\t\t\t<h2 class=\"elementor-heading-title elementor-size-default\">Una conversaci\u00f3n con Kaoru Ishikawa que cambi\u00f3 mi forma de entender las 5S<\/h2>\t\t\t\t<\/div>\n\t\t\t\t<\/div>\n\t\t\t\t<div class=\"elementor-element elementor-element-3c743a5 elementor-widget elementor-widget-heading\" data-id=\"3c743a5\" data-element_type=\"widget\" data-widget_type=\"heading.default\">\n\t\t\t\t<div class=\"elementor-widget-container\">\n\t\t\t\t\t<h2 class=\"elementor-heading-title elementor-size-default\">Por: Humberto Alvarez Laverde<\/h2>\t\t\t\t<\/div>\n\t\t\t\t<\/div>\n\t\t\t\t<div class=\"elementor-element elementor-element-1f2ef23 elementor-widget elementor-widget-text-editor\" data-id=\"1f2ef23\" data-element_type=\"widget\" data-widget_type=\"text-editor.default\">\n\t\t\t\t<div class=\"elementor-widget-container\">\n\t\t\t\t\t\t\t\t\t<p data-start=\"260\" data-end=\"533\">Recuerdo con especial gratitud los d\u00edas de junio de 1985, cuando tuve el privilegio de ser anfitri\u00f3n del Dr. <span class=\"hover:entity-accent entity-underline inline cursor-pointer align-baseline\"><span class=\"whitespace-normal\">Kaoru Ishikawa<\/span><\/span>, como parte del equipo promotor del Congreso Internacional de Calidad organizado por la ACC en Cartagena de Indias (Colombia).<\/p>\n<p data-start=\"535\" data-end=\"885\">A\u00f1os antes, hab\u00eda sido su alumno en Jap\u00f3n, donde recib\u00ed sus ense\u00f1anzas sobre Control Total de la Calidad, C\u00edrculos de Calidad y management japon\u00e9s. Desde entonces, mantuvimos una relaci\u00f3n epistolar que hizo de aquel encuentro en Cartagena una oportunidad \u00fanica: pasar del intercambio de cartas a una conversaci\u00f3n directa con uno de los grandes referentes de la gesti\u00f3n de la calidad.<\/p>\n<p data-start=\"887\" data-end=\"1135\">Durante esos d\u00edas \u2014recuerdo especialmente una conversaci\u00f3n que tuvimos en un paseo en los coches de caballos que recorren las calles coloniales de Cartagena como pasatiempo y turismo\u2014 surgi\u00f3 el tema de la Teor\u00eda Z de <span class=\"hover:entity-accent entity-underline inline cursor-pointer align-baseline\"><span class=\"whitespace-normal\">William Ouchi<\/span><\/span>, que en aquel momento estaba en pleno auge o moda.<\/p>\n<p data-start=\"1137\" data-end=\"1473\">Quise conocer su opini\u00f3n sobre la propuesta de Ouchi de crear organizaciones centradas en el compromiso y la participaci\u00f3n de los empleados en la toma de decisiones y en la mejora continua. Con su habitual serenidad y claridad, el Dr. Ishikawa reconoci\u00f3 el valor de la teor\u00eda Z, especialmente por su \u00e9nfasis en relaciones laborales m\u00e1s humanas y entornos colaborativos.<\/p>\n<p data-start=\"1475\" data-end=\"1629\">Sin embargo, tambi\u00e9n fue contundente en un punto clave: no existen soluciones universales para las organizaciones. Cada enfoque debe adaptarse a la realidad de cada organizaci\u00f3n.&nbsp;<span style=\"font-style: inherit; font-weight: inherit;\">Recuerdo con precisi\u00f3n sus palabras:<\/span><\/p>\n<p data-start=\"1669\" data-end=\"1758\"><strong data-start=\"1669\" data-end=\"1758\">\u201cTen en cuenta que la teor\u00eda Z es teor\u00eda\u2026 y el Control Total de Calidad es pr\u00e1ctica.\u201d<\/strong><\/p>\n<p data-start=\"1760\" data-end=\"1826\">Aquella frase marc\u00f3 profundamente mi forma de entender la gesti\u00f3n.<\/p>\n<p data-start=\"1828\" data-end=\"2146\">Nuestra conversaci\u00f3n continu\u00f3 en torno a los c\u00edrculos de calidad y al desarrollo de h\u00e1bitos en las personas. El Dr. Ishikawa insist\u00eda en algo esencial: el verdadero potencial de una organizaci\u00f3n no est\u00e1 en sus sistemas, sino en su capacidad para involucrar a las personas en la identificaci\u00f3n y soluci\u00f3n de problemas.<\/p>\n<p data-start=\"2148\" data-end=\"2332\">Para ello, no basta con pedir participaci\u00f3n con campa\u00f1as o slogans. Es necesario proporcionar herramientas, metodolog\u00edas y, sobre todo, crear un entorno que favorezca el desarrollo de h\u00e1bitos de trabajo positivos, tarea esta, esencial de los equipos directivos.<\/p>\n<h1 data-start=\"2334\" data-end=\"2573\"><strong>Referencia a las 5S<\/strong><\/h1>\n<p data-start=\"2334\" data-end=\"2573\">Tambi\u00e9n aprovech\u00e9 para preguntarle sobre su posible papel en el origen de las 5S, tema del que hab\u00eda escuchado comentarios en Jap\u00f3n, concretamente en Kawasaki Steel Works. Aunque no confirm\u00f3 directamente su implicaci\u00f3n, s\u00ed dej\u00f3 algo claro:<\/p>\n<p data-start=\"2575\" data-end=\"2673\">Las 5S no son una herramienta operativa m\u00e1s. Son un mecanismo profundo de transformaci\u00f3n cultural y desarrollo de la organizaci\u00f3n.<\/p>\n<p data-start=\"2675\" data-end=\"2968\">Desde entonces, siempre he defendido que las 5S est\u00e1n muy lejos de ser un simple programa de orden y limpieza. Son, en realidad, un sistema avanzado para desarrollar comportamientos y conductas en el lugar de trabajo, base imprescindible para cualquier proceso serio de mejora continua.<\/p>\n<h2 data-section-id=\"4026tt\" data-start=\"2975\" data-end=\"3019\">Las 5S como sistema de gesti\u00f3n del cambio<\/h2>\n<p data-start=\"3021\" data-end=\"3129\">Una de las mayores fortalezas de las 5S es su capacidad para impulsar transformaciones culturales profundas.<\/p>\n<p data-start=\"3131\" data-end=\"3303\">Cuando se aplican y gestionan correctamente, no solo mejoran la eficiencia y la calidad. Cambian la forma en que las personas piensan, act\u00faan y se relacionan con su entorno de trabajo.<\/p>\n<p data-start=\"3305\" data-end=\"3317\">Veamos c\u00f3mo:<\/p>\n<p data-start=\"3319\" data-end=\"3561\"><strong data-start=\"3319\" data-end=\"3362\">Responsabilidad y compromiso compartido<\/strong><br data-start=\"3362\" data-end=\"3365\">Las 5S generan claridad: cada persona sabe qu\u00e9 debe hacer y por qu\u00e9. Esto construye un sentido de responsabilidad real sobre el entorno de trabajo. El resultado no es solo orden, sino implicaci\u00f3n. Es en este punto donde nace la delegaci\u00f3n efectiva y la autonom\u00eda responsable. Este proceso de delegaci\u00f3n se debe realizar a trav\u00e9s de conversaciones efectivas, en lugar de entregar est\u00e1ndares previamente preparados para ser ejecutados sin discusi\u00f3n.<\/p>\n<p data-start=\"3563\" data-end=\"3829\"><strong data-start=\"3563\" data-end=\"3598\">Desarrollo de h\u00e1bitos positivos<\/strong><br data-start=\"3598\" data-end=\"3601\">Las 5S no son reglas; son h\u00e1bitos. Organizaci\u00f3n, disciplina, respeto por los est\u00e1ndares, cuidado del entorno\u2026 Cuando estos comportamientos se consolidan, el desempe\u00f1o deja de depender del control y pasa a depender de la cultura. Primero, se logra el compromiso de desarrollar los nuevos comportamiento y es la pr\u00e1ctica rutinaria quien logra hacer que estos se interioricen.<\/p>\n<p data-start=\"3831\" data-end=\"4049\"><strong data-start=\"3831\" data-end=\"3861\">Cultura de mejora continua<\/strong><br data-start=\"3861\" data-end=\"3864\">Las 5S crean un entorno donde mejorar forma parte del trabajo diario. Las personas no solo ejecutan tareas: observan, cuestionan y proponen. Se convierten en agentes activos del cambio.<\/p>\n<p data-start=\"4051\" data-end=\"4262\"><strong data-start=\"4051\" data-end=\"4089\">Relaciones basadas en la confianza<\/strong><br data-start=\"4089\" data-end=\"4092\">La implementaci\u00f3n efectiva de las 5S exige di\u00e1logo. Conversaciones estructuradas, seguimiento, acuerdos. Todo ello fortalece la confianza y la colaboraci\u00f3n entre equipos.<\/p>\n<p data-start=\"4264\" data-end=\"4483\"><strong data-start=\"4264\" data-end=\"4306\">Empoderamiento y liderazgo distribuido<\/strong><br data-start=\"4306\" data-end=\"4309\">Las 5S rompen con el modelo tradicional de mando y control. El liderazgo se distribuye. Los equipos asumen protagonismo y los l\u00edderes act\u00faan como facilitadores del desempe\u00f1o. No debe existir un auditor que vigile el avance y cumplimiento de las 5S. Cada persona debe emigrar a un estado de autocontrol o &#8220;Kanri&#8221;.<\/p>\n<p data-start=\"4490\" data-end=\"4707\">En s\u00edntesis, las 5S son un poderoso sistema de gesti\u00f3n del cambio cultural. Bien implementadas, transforman no solo los espacios de trabajo, sino tambi\u00e9n la forma en que las personas se comprometen con los resultados.<\/p>\n<p data-start=\"4709\" data-end=\"4720\">Ahora bien\u2026<\/p>\n<p data-start=\"4722\" data-end=\"4777\">Visto as\u00ed, todo esto puede sonar casi ut\u00f3pico, \u00bfverdad?<\/p>\n<p data-start=\"4779\" data-end=\"4925\">La clave para hacerlo realidad no est\u00e1 en las herramientas, sino en algo mucho m\u00e1s profundo: <strong data-start=\"4872\" data-end=\"4924\">las competencias de management de los directivos y mandos.<\/strong><\/p>\n<p data-start=\"4927\" data-end=\"5108\">El verdadero salto ocurre cuando se abandona la gesti\u00f3n basada en tareas \u2014heredada del modelo taylorista de mando y control\u2014 y se evoluciona hacia una gesti\u00f3n basada en compromisos, eje central de las organizaciones que facilitan el involucramiento de las personas. Estas organizaciones solo se construyen si existe una delegaci\u00f3n del poder, transferencia de conocimiento, autonom\u00eda y el reconocimiento a las personas.<\/p>\n<p data-start=\"5110\" data-end=\"5159\">Y los compromisos no se imponen. .. Se construyen.<\/p>\n<p data-start=\"5161\" data-end=\"5241\">A trav\u00e9s de conversaciones\u2026correctas, estructuradas y en el momento adecuado.<\/p>\n<p data-start=\"5243\" data-end=\"5315\">Como bien se atribuye al fil\u00f3sofo <span class=\"hover:entity-accent entity-underline inline cursor-pointer align-baseline\"><span class=\"whitespace-normal\">Paul Ric\u0153ur<\/span><\/span>:<\/p>\n<p data-start=\"5317\" data-end=\"5369\"><strong data-start=\"5317\" data-end=\"5369\">\u201cEl ser humano, cuando conversa, se compromete.\u201d<\/strong><\/p>\n<p data-start=\"5371\" data-end=\"5414\">Ah\u00ed reside la verdadera palanca del cambio.<\/p>\n<p data-start=\"5416\" data-end=\"5457\">Un saludo,<br data-start=\"5426\" data-end=\"5429\"><strong data-start=\"5429\" data-end=\"5457\">Humberto \u00c1lvarez Laverde<\/strong><\/p>\t\t\t\t\t\t\t\t<\/div>\n\t\t\t\t<\/div>\n\t\t\t\t\t<\/div>\n\t\t<\/div>\n\t\t\t\t<div class=\"elementor-column elementor-col-33 elementor-top-column elementor-element elementor-element-fddcd66\" data-id=\"fddcd66\" data-element_type=\"column\">\n\t\t\t<div class=\"elementor-widget-wrap\">\n\t\t\t\t\t\t\t<\/div>\n\t\t<\/div>\n\t\t\t\t\t<\/div>\n\t\t<\/section>\n\t\t<div class=\"elementor-element elementor-element-2b048dd e-flex e-con-boxed e-con e-parent\" data-id=\"2b048dd\" data-element_type=\"container\">\n\t\t\t\t\t<div class=\"e-con-inner\">\n\t\t<div class=\"elementor-element elementor-element-b14982b e-con-full e-flex e-con e-child\" data-id=\"b14982b\" data-element_type=\"container\">\n\t\t\t\t<\/div>\n\t\t<div class=\"elementor-element elementor-element-6e67dc5 e-con-full e-flex e-con e-child\" data-id=\"6e67dc5\" data-element_type=\"container\">\n\t\t\t\t<\/div>\n\t\t<div class=\"elementor-element elementor-element-bff4ca8 e-con-full e-flex e-con e-child\" data-id=\"bff4ca8\" data-element_type=\"container\">\n\t\t\t\t<\/div>\n\t\t<div class=\"elementor-element elementor-element-d74f214 e-con-full e-flex e-con e-child\" data-id=\"d74f214\" data-element_type=\"container\">\n\t\t\t\t<\/div>\n\t\t\t\t\t<\/div>\n\t\t\t\t<\/div>\n\t\t\t\t<\/div>\n\t\t","protected":false},"excerpt":{"rendered":"<p>Una conversaci\u00f3n con Kaoru Ishikawa que cambi\u00f3 mi forma de entender las 5S Por: Humberto Alvarez Laverde Recuerdo con especial [&hellip;]<\/p>\n","protected":false},"author":1,"featured_media":0,"parent":0,"menu_order":0,"comment_status":"closed","ping_status":"closed","template":"","meta":{"site-sidebar-layout":"no-sidebar","site-content-layout":"","ast-site-content-layout":"full-width-container","site-content-style":"default","site-sidebar-style":"default","ast-global-header-display":"","ast-banner-title-visibility":"","ast-main-header-display":"","ast-hfb-above-header-display":"","ast-hfb-below-header-display":"","ast-hfb-mobile-header-display":"","site-post-title":"disabled","ast-breadcrumbs-content":"","ast-featured-img":"disabled","footer-sml-layout":"","theme-transparent-header-meta":"default","adv-header-id-meta":"","stick-header-meta":"","header-above-stick-meta":"","header-main-stick-meta":"","header-below-stick-meta":"","astra-migrate-meta-layouts":"set","ast-page-background-enabled":"default","ast-page-background-meta":{"desktop":{"background-color":"var(--ast-global-color-5)","background-image":"","background-repeat":"repeat","background-position":"center center","background-size":"auto","background-attachment":"scroll","background-type":"","background-media":"","overlay-type":"","overlay-color":"","overlay-opacity":"","overlay-gradient":""},"tablet":{"background-color":"","background-image":"","background-repeat":"repeat","background-position":"center center","background-size":"auto","background-attachment":"scroll","background-type":"","background-media":"","overlay-type":"","overlay-color":"","overlay-opacity":"","overlay-gradient":""},"mobile":{"background-color":"","background-image":"","background-repeat":"repeat","background-position":"center center","background-size":"auto","background-attachment":"scroll","background-type":"","background-media":"","overlay-type":"","overlay-color":"","overlay-opacity":"","overlay-gradient":""}},"ast-content-background-meta":{"desktop":{"background-color":"var(--ast-global-color-4)","background-image":"","background-repeat":"repeat","background-position":"center center","background-size":"auto","background-attachment":"scroll","background-type":"","background-media":"","overlay-type":"","overlay-color":"","overlay-opacity":"","overlay-gradient":""},"tablet":{"background-color":"var(--ast-global-color-4)","background-image":"","background-repeat":"repeat","background-position":"center center","background-size":"auto","background-attachment":"scroll","background-type":"","background-media":"","overlay-type":"","overlay-color":"","overlay-opacity":"","overlay-gradient":""},"mobile":{"background-color":"var(--ast-global-color-4)","background-image":"","background-repeat":"repeat","background-position":"center center","background-size":"auto","background-attachment":"scroll","background-type":"","background-media":"","overlay-type":"","overlay-color":"","overlay-opacity":"","overlay-gradient":""}},"footnotes":""},"class_list":["post-2673","page","type-page","status-publish","hentry"],"_links":{"self":[{"href":"https:\/\/apsoluti.com.co\/contents\/wp-json\/wp\/v2\/pages\/2673","targetHints":{"allow":["GET"]}}],"collection":[{"href":"https:\/\/apsoluti.com.co\/contents\/wp-json\/wp\/v2\/pages"}],"about":[{"href":"https:\/\/apsoluti.com.co\/contents\/wp-json\/wp\/v2\/types\/page"}],"author":[{"embeddable":true,"href":"https:\/\/apsoluti.com.co\/contents\/wp-json\/wp\/v2\/users\/1"}],"replies":[{"embeddable":true,"href":"https:\/\/apsoluti.com.co\/contents\/wp-json\/wp\/v2\/comments?post=2673"}],"version-history":[{"count":19,"href":"https:\/\/apsoluti.com.co\/contents\/wp-json\/wp\/v2\/pages\/2673\/revisions"}],"predecessor-version":[{"id":2692,"href":"https:\/\/apsoluti.com.co\/contents\/wp-json\/wp\/v2\/pages\/2673\/revisions\/2692"}],"wp:attachment":[{"href":"https:\/\/apsoluti.com.co\/contents\/wp-json\/wp\/v2\/media?parent=2673"}],"curies":[{"name":"wp","href":"https:\/\/api.w.org\/{rel}","templated":true}]}}