{"id":2311,"date":"2026-01-05T16:43:49","date_gmt":"2026-01-05T16:43:49","guid":{"rendered":"https:\/\/apsoluti.com.co\/contents\/?page_id=2311"},"modified":"2026-01-05T17:24:19","modified_gmt":"2026-01-05T17:24:19","slug":"mejora-procesos-de-gestion","status":"publish","type":"page","link":"https:\/\/apsoluti.com.co\/contents\/mejora-procesos-de-gestion\/","title":{"rendered":"mejora-procesos-de-gestion"},"content":{"rendered":"\t\t<div data-elementor-type=\"wp-page\" data-elementor-id=\"2311\" class=\"elementor elementor-2311\">\n\t\t\t\t\t\t<section class=\"elementor-section elementor-top-section elementor-element elementor-element-f23ddf7 elementor-section-content-middle elementor-section-boxed elementor-section-height-default elementor-section-height-default\" data-id=\"f23ddf7\" data-element_type=\"section\" data-settings=\"{&quot;background_background&quot;:&quot;classic&quot;}\">\n\t\t\t\t\t\t<div class=\"elementor-container elementor-column-gap-default\">\n\t\t\t\t\t<div class=\"elementor-column elementor-col-50 elementor-top-column elementor-element elementor-element-1c9893f\" data-id=\"1c9893f\" data-element_type=\"column\">\n\t\t\t<div class=\"elementor-widget-wrap elementor-element-populated\">\n\t\t\t\t\t\t<div class=\"elementor-element elementor-element-be72c2a elementor-widget elementor-widget-image\" data-id=\"be72c2a\" data-element_type=\"widget\" data-widget_type=\"image.default\">\n\t\t\t\t<div class=\"elementor-widget-container\">\n\t\t\t\t\t\t\t\t\t\t\t\t\t\t\t<img decoding=\"async\" src=\"https:\/\/apsoluti.com.co\/contents\/wp-content\/uploads\/elementor\/thumbs\/meeting-r92xm0xgdtaum2f2eyhskyr3wowu3g5yeftlx7gw2s.jpg\" title=\"meeting.jpg\" alt=\"meeting.jpg\" loading=\"lazy\" \/>\t\t\t\t\t\t\t\t\t\t\t\t\t\t\t<\/div>\n\t\t\t\t<\/div>\n\t\t\t\t\t<\/div>\n\t\t<\/div>\n\t\t\t\t<div class=\"elementor-column elementor-col-50 elementor-top-column elementor-element elementor-element-15a82b6\" data-id=\"15a82b6\" data-element_type=\"column\">\n\t\t\t<div class=\"elementor-widget-wrap elementor-element-populated\">\n\t\t\t\t\t\t<div class=\"elementor-element elementor-element-e024a29 elementor-widget elementor-widget-heading\" data-id=\"e024a29\" data-element_type=\"widget\" data-widget_type=\"heading.default\">\n\t\t\t\t<div class=\"elementor-widget-container\">\n\t\t\t\t\t<h2 class=\"elementor-heading-title elementor-size-default\">SISTEMA DE GESTION PARA LA MEJORA CONTINUA<\/h2>\t\t\t\t<\/div>\n\t\t\t\t<\/div>\n\t\t\t\t<div class=\"elementor-element elementor-element-50e6134 elementor-widget elementor-widget-heading\" data-id=\"50e6134\" data-element_type=\"widget\" data-widget_type=\"heading.default\">\n\t\t\t\t<div class=\"elementor-widget-container\">\n\t\t\t\t\t<h1 class=\"elementor-heading-title elementor-size-default\">Prepare la capacidad organizativa para la mejora continua<\/h1>\t\t\t\t<\/div>\n\t\t\t\t<\/div>\n\t\t\t\t<div class=\"elementor-element elementor-element-22573f2 elementor-widget elementor-widget-heading\" data-id=\"22573f2\" data-element_type=\"widget\" data-widget_type=\"heading.default\">\n\t\t\t\t<div class=\"elementor-widget-container\">\n\t\t\t\t\t<h2 class=\"elementor-heading-title elementor-size-default\">El paso previo para que la mejora continua funcione<\/h2>\t\t\t\t<\/div>\n\t\t\t\t<\/div>\n\t\t\t\t<div class=\"elementor-element elementor-element-837d8be elementor-widget-divider--view-line elementor-widget elementor-widget-divider\" data-id=\"837d8be\" data-element_type=\"widget\" data-widget_type=\"divider.default\">\n\t\t\t\t<div class=\"elementor-widget-container\">\n\t\t\t\t\t\t\t<div class=\"elementor-divider\">\n\t\t\t<span class=\"elementor-divider-separator\">\n\t\t\t\t\t\t<\/span>\n\t\t<\/div>\n\t\t\t\t\t\t<\/div>\n\t\t\t\t<\/div>\n\t\t\t\t<div class=\"elementor-element elementor-element-6dfe419 elementor-widget elementor-widget-text-editor\" data-id=\"6dfe419\" data-element_type=\"widget\" data-widget_type=\"text-editor.default\">\n\t\t\t\t<div class=\"elementor-widget-container\">\n\t\t\t\t\t\t\t\t\t<p>Una mejora continua s\u00f3lida no comienza con acciones de mejora, sino con un management capaz de sostenerlas. Antes de optimizar procesos, es necesario contar con un sistema de gesti\u00f3n que defina prioridades claras, asigne responsabilidades reales y conecte los objetivos estrat\u00e9gicos con el trabajo diario. Sin esa base, las mejoras son puntuales y fr\u00e1giles, dependientes del esfuerzo individual.<\/p><p>\u00a0<\/p><p>Cuando la gesti\u00f3n establece direcci\u00f3n, m\u00e9todo y coherencia en la toma de decisiones, la mejora deja de ser reactiva y se vuelve sistem\u00e1tica. Solo entonces la organizaci\u00f3n desarrolla una capacidad robusta para mejorar de forma sostenida.<\/p>\t\t\t\t\t\t\t\t<\/div>\n\t\t\t\t<\/div>\n\t\t\t\t\t<\/div>\n\t\t<\/div>\n\t\t\t\t\t<\/div>\n\t\t<\/section>\n\t\t\t\t<section class=\"elementor-section elementor-top-section elementor-element elementor-element-ad120c5 elementor-section-content-middle elementor-section-boxed elementor-section-height-default elementor-section-height-default\" data-id=\"ad120c5\" data-element_type=\"section\" data-settings=\"{&quot;background_background&quot;:&quot;classic&quot;}\">\n\t\t\t\t\t\t<div class=\"elementor-container elementor-column-gap-default\">\n\t\t\t\t\t<div class=\"elementor-column elementor-col-50 elementor-top-column elementor-element elementor-element-b87a27f\" data-id=\"b87a27f\" data-element_type=\"column\">\n\t\t\t<div class=\"elementor-widget-wrap elementor-element-populated\">\n\t\t\t\t\t\t<div class=\"elementor-element elementor-element-d6882f8 elementor-widget elementor-widget-heading\" data-id=\"d6882f8\" data-element_type=\"widget\" data-widget_type=\"heading.default\">\n\t\t\t\t<div class=\"elementor-widget-container\">\n\t\t\t\t\t<h1 class=\"elementor-heading-title elementor-size-default\">El dolor real en muchas f\u00e1bricas hoy es claro:<\/h1>\t\t\t\t<\/div>\n\t\t\t\t<\/div>\n\t\t\t\t<div class=\"elementor-element elementor-element-e2a6f71 elementor-widget-divider--view-line elementor-widget elementor-widget-divider\" data-id=\"e2a6f71\" data-element_type=\"widget\" data-widget_type=\"divider.default\">\n\t\t\t\t<div class=\"elementor-widget-container\">\n\t\t\t\t\t\t\t<div class=\"elementor-divider\">\n\t\t\t<span class=\"elementor-divider-separator\">\n\t\t\t\t\t\t<\/span>\n\t\t<\/div>\n\t\t\t\t\t\t<\/div>\n\t\t\t\t<\/div>\n\t\t\t\t<div class=\"elementor-element elementor-element-4020f6e elementor-widget elementor-widget-text-editor\" data-id=\"4020f6e\" data-element_type=\"widget\" data-widget_type=\"text-editor.default\">\n\t\t\t\t<div class=\"elementor-widget-container\">\n\t\t\t\t\t\t\t\t\t<p data-start=\"225\" data-end=\"462\">En muchas f\u00e1bricas, la mejora continua se percibe como un esfuerzo adicional y no como parte natural del negocio. Las prioridades cambian, los problemas se repiten y las iniciativas pierden tracci\u00f3n cuando la urgencia vuelve a imponerse.<\/p><p data-start=\"464\" data-end=\"746\">Los mandos intermedios quedan atrapados entre objetivos exigentes y sistemas de gesti\u00f3n poco claros. Se les pide mejorar, pero sin m\u00e9todo, tiempo ni autoridad suficientes, lo que hace que la organizaci\u00f3n dependa del esfuerzo individual o de soluciones puntuales que no se sostienen.<\/p><p data-start=\"748\" data-end=\"1051\">Desde la direcci\u00f3n se percibe falta de compromiso; desde la operaci\u00f3n, falta de direcci\u00f3n. La mejora ocurre, pero de forma fragmentada, reactiva y dif\u00edcil de escalar. El problema no es la voluntad, sino la ausencia de un sistema de gesti\u00f3n capaz de convertir la presi\u00f3n diaria en resultados sostenibles.<\/p>\t\t\t\t\t\t\t\t<\/div>\n\t\t\t\t<\/div>\n\t\t\t\t\t<\/div>\n\t\t<\/div>\n\t\t\t\t<div class=\"elementor-column elementor-col-50 elementor-top-column elementor-element elementor-element-d1bb5ae\" data-id=\"d1bb5ae\" data-element_type=\"column\">\n\t\t\t<div class=\"elementor-widget-wrap elementor-element-populated\">\n\t\t\t\t\t\t<div class=\"elementor-element elementor-element-b5f24c4 elementor-widget elementor-widget-image\" data-id=\"b5f24c4\" data-element_type=\"widget\" data-widget_type=\"image.default\">\n\t\t\t\t<div class=\"elementor-widget-container\">\n\t\t\t\t\t\t\t\t\t\t\t\t\t\t\t<img fetchpriority=\"high\" decoding=\"async\" width=\"768\" height=\"477\" src=\"https:\/\/apsoluti.com.co\/contents\/wp-content\/uploads\/2025\/12\/coach_industrial-scaled-1-768x477.jpg\" class=\"attachment-medium_large size-medium_large wp-image-2281\" alt=\"\" srcset=\"https:\/\/apsoluti.com.co\/contents\/wp-content\/uploads\/2025\/12\/coach_industrial-scaled-1-768x477.jpg 768w, https:\/\/apsoluti.com.co\/contents\/wp-content\/uploads\/2025\/12\/coach_industrial-scaled-1-300x186.jpg 300w, https:\/\/apsoluti.com.co\/contents\/wp-content\/uploads\/2025\/12\/coach_industrial-scaled-1-1024x636.jpg 1024w, https:\/\/apsoluti.com.co\/contents\/wp-content\/uploads\/2025\/12\/coach_industrial-scaled-1-1536x953.jpg 1536w, https:\/\/apsoluti.com.co\/contents\/wp-content\/uploads\/2025\/12\/coach_industrial-scaled-1-2048x1271.jpg 2048w\" sizes=\"(max-width: 768px) 100vw, 768px\" \/>\t\t\t\t\t\t\t\t\t\t\t\t\t\t\t<\/div>\n\t\t\t\t<\/div>\n\t\t\t\t\t<\/div>\n\t\t<\/div>\n\t\t\t\t\t<\/div>\n\t\t<\/section>\n\t\t<div class=\"elementor-element elementor-element-b0e5d0c e-flex e-con-boxed e-con e-parent\" data-id=\"b0e5d0c\" data-element_type=\"container\" data-settings=\"{&quot;background_background&quot;:&quot;classic&quot;}\">\n\t\t\t\t\t<div class=\"e-con-inner\">\n\t\t<div class=\"elementor-element elementor-element-3d7b8fd e-con-full e-flex e-con e-child\" data-id=\"3d7b8fd\" data-element_type=\"container\">\n\t\t\t\t<\/div>\n\t\t<div class=\"elementor-element elementor-element-2044dd5 e-con-full e-flex e-con e-child\" data-id=\"2044dd5\" data-element_type=\"container\">\n\t\t\t\t<div class=\"elementor-element elementor-element-c30c97b elementor-widget elementor-widget-heading\" data-id=\"c30c97b\" data-element_type=\"widget\" data-widget_type=\"heading.default\">\n\t\t\t\t<div class=\"elementor-widget-container\">\n\t\t\t\t\t<h2 class=\"elementor-heading-title elementor-size-default\">La propuesta: preparar la organizaci\u00f3n para mejorar<\/h2>\t\t\t\t<\/div>\n\t\t\t\t<\/div>\n\t\t\t\t<div class=\"elementor-element elementor-element-235479b elementor-widget-divider--view-line elementor-widget elementor-widget-divider\" data-id=\"235479b\" data-element_type=\"widget\" data-widget_type=\"divider.default\">\n\t\t\t\t<div class=\"elementor-widget-container\">\n\t\t\t\t\t\t\t<div class=\"elementor-divider\">\n\t\t\t<span class=\"elementor-divider-separator\">\n\t\t\t\t\t\t<\/span>\n\t\t<\/div>\n\t\t\t\t\t\t<\/div>\n\t\t\t\t<\/div>\n\t\t\t\t<div class=\"elementor-element elementor-element-d6beba6 elementor-widget elementor-widget-text-editor\" data-id=\"d6beba6\" data-element_type=\"widget\" data-widget_type=\"text-editor.default\">\n\t\t\t\t<div class=\"elementor-widget-container\">\n\t\t\t\t\t\t\t\t\t<p data-start=\"274\" data-end=\"587\">La soluci\u00f3n no es pedir m\u00e1s compromiso ni lanzar m\u00e1s iniciativas aisladas. La clave es <strong data-start=\"361\" data-end=\"419\">desarrollar la capacidad de gesti\u00f3n de la organizaci\u00f3n<\/strong>, estableciendo un sistema que conecte objetivos estrat\u00e9gicos con decisiones operativas, haga visibles los problemas reales y defina roles y responsabilidades claras.<\/p><p data-start=\"589\" data-end=\"920\">Nuestro enfoque permite que los mandos intermedios y la direcci\u00f3n hablen el mismo lenguaje, tomen decisiones consistentes y conviertan los problemas cotidianos en oportunidades de aprendizaje. As\u00ed, la mejora deja de depender de h\u00e9roes o esfuerzos individuales y pasa a ser <strong data-start=\"862\" data-end=\"917\">parte natural del funcionamiento de la organizaci\u00f3n<\/strong>.<\/p><p data-start=\"922\" data-end=\"1163\">Este paso previo no solo fortalece la gesti\u00f3n actual, sino que <strong data-start=\"985\" data-end=\"1082\">prepara a la organizaci\u00f3n para implementar procesos de mejora continua robustos y sostenibles<\/strong>, asegurando que cualquier iniciativa posterior tenga un impacto real y duradero.<\/p>\t\t\t\t\t\t\t\t<\/div>\n\t\t\t\t<\/div>\n\t\t\t\t<\/div>\n\t\t<div class=\"elementor-element elementor-element-176f740 e-con-full e-flex e-con e-child\" data-id=\"176f740\" data-element_type=\"container\">\n\t\t\t\t<div class=\"elementor-element elementor-element-b87672f elementor-widget elementor-widget-image\" data-id=\"b87672f\" data-element_type=\"widget\" data-widget_type=\"image.default\">\n\t\t\t\t<div class=\"elementor-widget-container\">\n\t\t\t\t\t\t\t\t\t\t\t\t\t\t\t<img decoding=\"async\" width=\"1024\" height=\"671\" src=\"https:\/\/apsoluti.com.co\/contents\/wp-content\/uploads\/2026\/01\/compromiso-1024x671.jpg\" class=\"attachment-large size-large wp-image-2346\" alt=\"\" srcset=\"https:\/\/apsoluti.com.co\/contents\/wp-content\/uploads\/2026\/01\/compromiso-1024x671.jpg 1024w, https:\/\/apsoluti.com.co\/contents\/wp-content\/uploads\/2026\/01\/compromiso-300x197.jpg 300w, https:\/\/apsoluti.com.co\/contents\/wp-content\/uploads\/2026\/01\/compromiso-768x503.jpg 768w, https:\/\/apsoluti.com.co\/contents\/wp-content\/uploads\/2026\/01\/compromiso-1536x1007.jpg 1536w, https:\/\/apsoluti.com.co\/contents\/wp-content\/uploads\/2026\/01\/compromiso-2048x1343.jpg 2048w\" sizes=\"(max-width: 1024px) 100vw, 1024px\" \/>\t\t\t\t\t\t\t\t\t\t\t\t\t\t\t<\/div>\n\t\t\t\t<\/div>\n\t\t\t\t<\/div>\n\t\t<div class=\"elementor-element elementor-element-0544c55 e-con-full e-flex e-con e-child\" data-id=\"0544c55\" data-element_type=\"container\">\n\t\t\t\t<\/div>\n\t\t\t\t\t<\/div>\n\t\t\t\t<\/div>\n\t\t\t\t<\/div>\n\t\t","protected":false},"excerpt":{"rendered":"<p>SISTEMA DE GESTION PARA LA MEJORA CONTINUA Prepare la capacidad organizativa para la mejora continua El paso previo para que [&hellip;]<\/p>\n","protected":false},"author":1,"featured_media":0,"parent":0,"menu_order":0,"comment_status":"closed","ping_status":"closed","template":"","meta":{"site-sidebar-layout":"no-sidebar","site-content-layout":"","ast-site-content-layout":"full-width-container","site-content-style":"default","site-sidebar-style":"default","ast-global-header-display":"","ast-banner-title-visibility":"","ast-main-header-display":"","ast-hfb-above-header-display":"","ast-hfb-below-header-display":"","ast-hfb-mobile-header-display":"","site-post-title":"disabled","ast-breadcrumbs-content":"","ast-featured-img":"disabled","footer-sml-layout":"","theme-transparent-header-meta":"default","adv-header-id-meta":"","stick-header-meta":"","header-above-stick-meta":"","header-main-stick-meta":"","header-below-stick-meta":"","astra-migrate-meta-layouts":"set","ast-page-background-enabled":"default","ast-page-background-meta":{"desktop":{"background-color":"var(--ast-global-color-5)","background-image":"","background-repeat":"repeat","background-position":"center center","background-size":"auto","background-attachment":"scroll","background-type":"","background-media":"","overlay-type":"","overlay-color":"","overlay-opacity":"","overlay-gradient":""},"tablet":{"background-color":"","background-image":"","background-repeat":"repeat","background-position":"center center","background-size":"auto","background-attachment":"scroll","background-type":"","background-media":"","overlay-type":"","overlay-color":"","overlay-opacity":"","overlay-gradient":""},"mobile":{"background-color":"","background-image":"","background-repeat":"repeat","background-position":"center center","background-size":"auto","background-attachment":"scroll","background-type":"","background-media":"","overlay-type":"","overlay-color":"","overlay-opacity":"","overlay-gradient":""}},"ast-content-background-meta":{"desktop":{"background-color":"var(--ast-global-color-4)","background-image":"","background-repeat":"repeat","background-position":"center center","background-size":"auto","background-attachment":"scroll","background-type":"","background-media":"","overlay-type":"","overlay-color":"","overlay-opacity":"","overlay-gradient":""},"tablet":{"background-color":"var(--ast-global-color-4)","background-image":"","background-repeat":"repeat","background-position":"center center","background-size":"auto","background-attachment":"scroll","background-type":"","background-media":"","overlay-type":"","overlay-color":"","overlay-opacity":"","overlay-gradient":""},"mobile":{"background-color":"var(--ast-global-color-4)","background-image":"","background-repeat":"repeat","background-position":"center center","background-size":"auto","background-attachment":"scroll","background-type":"","background-media":"","overlay-type":"","overlay-color":"","overlay-opacity":"","overlay-gradient":""}},"footnotes":""},"class_list":["post-2311","page","type-page","status-publish","hentry"],"_links":{"self":[{"href":"https:\/\/apsoluti.com.co\/contents\/wp-json\/wp\/v2\/pages\/2311","targetHints":{"allow":["GET"]}}],"collection":[{"href":"https:\/\/apsoluti.com.co\/contents\/wp-json\/wp\/v2\/pages"}],"about":[{"href":"https:\/\/apsoluti.com.co\/contents\/wp-json\/wp\/v2\/types\/page"}],"author":[{"embeddable":true,"href":"https:\/\/apsoluti.com.co\/contents\/wp-json\/wp\/v2\/users\/1"}],"replies":[{"embeddable":true,"href":"https:\/\/apsoluti.com.co\/contents\/wp-json\/wp\/v2\/comments?post=2311"}],"version-history":[{"count":40,"href":"https:\/\/apsoluti.com.co\/contents\/wp-json\/wp\/v2\/pages\/2311\/revisions"}],"predecessor-version":[{"id":2355,"href":"https:\/\/apsoluti.com.co\/contents\/wp-json\/wp\/v2\/pages\/2311\/revisions\/2355"}],"wp:attachment":[{"href":"https:\/\/apsoluti.com.co\/contents\/wp-json\/wp\/v2\/media?parent=2311"}],"curies":[{"name":"wp","href":"https:\/\/api.w.org\/{rel}","templated":true}]}}