{"id":1772,"date":"2025-09-13T12:25:16","date_gmt":"2025-09-13T12:25:16","guid":{"rendered":"https:\/\/apsoluti.com.co\/contents\/?page_id=1772"},"modified":"2025-09-13T12:52:53","modified_gmt":"2025-09-13T12:52:53","slug":"liquid_lean","status":"publish","type":"page","link":"https:\/\/apsoluti.com.co\/contents\/liquid_lean\/","title":{"rendered":"liquid_lean"},"content":{"rendered":"\t\t<div data-elementor-type=\"wp-page\" data-elementor-id=\"1772\" class=\"elementor elementor-1772\">\n\t\t\t\t<div class=\"elementor-element elementor-element-9e3c16e e-flex e-con-boxed e-con e-parent\" data-id=\"9e3c16e\" data-element_type=\"container\" data-settings=\"{&quot;background_background&quot;:&quot;classic&quot;}\">\n\t\t\t\t\t<div class=\"e-con-inner\">\n\t\t<div class=\"elementor-element elementor-element-df2ff9f e-con-full e-flex e-con e-child\" data-id=\"df2ff9f\" data-element_type=\"container\">\n\t\t\t\t<\/div>\n\t\t<div class=\"elementor-element elementor-element-4aae221 e-con-full e-flex e-con e-child\" data-id=\"4aae221\" data-element_type=\"container\">\n\t\t\t\t<div class=\"elementor-element elementor-element-61193d4 elementor-widget elementor-widget-image\" data-id=\"61193d4\" data-element_type=\"widget\" data-widget_type=\"image.default\">\n\t\t\t\t<div class=\"elementor-widget-container\">\n\t\t\t\t\t\t\t\t\t\t\t\t\t\t\t<img fetchpriority=\"high\" decoding=\"async\" width=\"1024\" height=\"470\" src=\"https:\/\/apsoluti.com.co\/contents\/wp-content\/uploads\/2025\/09\/convenios-1024x470.jpg\" class=\"attachment-large size-large wp-image-1774\" alt=\"\" srcset=\"https:\/\/apsoluti.com.co\/contents\/wp-content\/uploads\/2025\/09\/convenios-1024x470.jpg 1024w, https:\/\/apsoluti.com.co\/contents\/wp-content\/uploads\/2025\/09\/convenios-300x138.jpg 300w, https:\/\/apsoluti.com.co\/contents\/wp-content\/uploads\/2025\/09\/convenios-768x352.jpg 768w, https:\/\/apsoluti.com.co\/contents\/wp-content\/uploads\/2025\/09\/convenios.jpg 1199w\" sizes=\"(max-width: 1024px) 100vw, 1024px\" \/>\t\t\t\t\t\t\t\t\t\t\t\t\t\t\t<\/div>\n\t\t\t\t<\/div>\n\t\t\t\t<\/div>\n\t\t<div class=\"elementor-element elementor-element-05ca952 e-con-full e-flex e-con e-child\" data-id=\"05ca952\" data-element_type=\"container\">\n\t\t\t\t<\/div>\n\t\t<div class=\"elementor-element elementor-element-10764ab e-con-full e-flex e-con e-child\" data-id=\"10764ab\" data-element_type=\"container\">\n\t\t\t\t<div class=\"elementor-element elementor-element-bdc0ca0 elementor-widget elementor-widget-heading\" data-id=\"bdc0ca0\" data-element_type=\"widget\" data-widget_type=\"heading.default\">\n\t\t\t\t<div class=\"elementor-widget-container\">\n\t\t\t\t\t<h2 class=\"elementor-heading-title elementor-size-default\">LIQUID LEAN<\/h2>\t\t\t\t<\/div>\n\t\t\t\t<\/div>\n\t\t\t\t<div class=\"elementor-element elementor-element-b082aec elementor-widget elementor-widget-heading\" data-id=\"b082aec\" data-element_type=\"widget\" data-widget_type=\"heading.default\">\n\t\t\t\t<div class=\"elementor-widget-container\">\n\t\t\t\t\t<h2 class=\"elementor-heading-title elementor-size-default\">Lean en procesos continuos: un nuevo enfoque<\/h2>\t\t\t\t<\/div>\n\t\t\t\t<\/div>\n\t\t\t\t<\/div>\n\t\t\t\t\t<\/div>\n\t\t\t\t<\/div>\n\t\t<div class=\"elementor-element elementor-element-ab0b16e e-flex e-con-boxed e-con e-parent\" data-id=\"ab0b16e\" data-element_type=\"container\">\n\t\t\t\t\t<div class=\"e-con-inner\">\n\t\t<div class=\"elementor-element elementor-element-ad34a57 e-con-full e-flex e-con e-child\" data-id=\"ad34a57\" data-element_type=\"container\">\n\t\t\t\t<\/div>\n\t\t<div class=\"elementor-element elementor-element-cdf2d39 e-con-full e-flex e-con e-child\" data-id=\"cdf2d39\" data-element_type=\"container\">\n\t\t\t\t<div class=\"elementor-element elementor-element-0ad2a12 elementor-widget elementor-widget-text-editor\" data-id=\"0ad2a12\" data-element_type=\"widget\" data-widget_type=\"text-editor.default\">\n\t\t\t\t<div class=\"elementor-widget-container\">\n\t\t\t\t\t\t\t\t\t<p data-start=\"327\" data-end=\"679\">En los entornos industriales de procesos \u2014qu\u00edmicos, petroqu\u00edmicos, farmac\u00e9uticos, energ\u00e9ticos o de alimentos\u2014 la aplicaci\u00f3n de Lean requiere una adaptaci\u00f3n especial. A diferencia del entorno discreto de manufactura, aqu\u00ed el flujo no se mide en piezas individuales, sino en <strong data-start=\"600\" data-end=\"676\">rendimiento, estabilidad de procesos y uso eficiente de activos cr\u00edticos<\/strong>.<\/p><p data-start=\"681\" data-end=\"1040\"><strong data-start=\"681\" data-end=\"696\">Liquid Lean<\/strong>, desarrollado para complejos industriales, demuestra que es posible trasladar los principios Lean a los procesos continuos para <strong data-start=\"878\" data-end=\"971\">aumentar la productividad, mejorar la calidad y reducir p\u00e9rdidas energ\u00e9ticas y materiales<\/strong>, sin comprometer la seguridad ni la confiabilidad de la operaci\u00f3n.<\/p>\t\t\t\t\t\t\t\t<\/div>\n\t\t\t\t<\/div>\n\t\t\t\t<\/div>\n\t\t<div class=\"elementor-element elementor-element-73b3e02 e-con-full e-flex e-con e-child\" data-id=\"73b3e02\" data-element_type=\"container\">\n\t\t\t\t<\/div>\n\t\t\t\t\t<\/div>\n\t\t\t\t<\/div>\n\t\t<div class=\"elementor-element elementor-element-06d1535 e-flex e-con-boxed e-con e-parent\" data-id=\"06d1535\" data-element_type=\"container\" data-settings=\"{&quot;background_background&quot;:&quot;classic&quot;}\">\n\t\t\t\t\t<div class=\"e-con-inner\">\n\t\t<div class=\"elementor-element elementor-element-b145c87 e-con-full e-flex e-con e-child\" data-id=\"b145c87\" data-element_type=\"container\">\n\t\t\t\t<\/div>\n\t\t<div class=\"elementor-element elementor-element-94dec04 e-con-full e-flex e-con e-child\" data-id=\"94dec04\" data-element_type=\"container\">\n\t\t\t\t<div class=\"elementor-element elementor-element-2954c67 elementor-widget elementor-widget-heading\" data-id=\"2954c67\" data-element_type=\"widget\" data-widget_type=\"heading.default\">\n\t\t\t\t<div class=\"elementor-widget-container\">\n\t\t\t\t\t<h2 class=\"elementor-heading-title elementor-size-default\">Ventajas de aplicar Lean en procesos continuos<\/h2>\t\t\t\t<\/div>\n\t\t\t\t<\/div>\n\t\t\t\t<div class=\"elementor-element elementor-element-52b3e93 elementor-widget elementor-widget-image\" data-id=\"52b3e93\" data-element_type=\"widget\" data-widget_type=\"image.default\">\n\t\t\t\t<div class=\"elementor-widget-container\">\n\t\t\t\t\t\t\t\t\t\t\t\t\t\t\t<img decoding=\"async\" width=\"1024\" height=\"576\" src=\"https:\/\/apsoluti.com.co\/contents\/wp-content\/uploads\/2025\/09\/cultura_lean-1024x576.jpg\" class=\"attachment-large size-large wp-image-1786\" alt=\"\" srcset=\"https:\/\/apsoluti.com.co\/contents\/wp-content\/uploads\/2025\/09\/cultura_lean-1024x576.jpg 1024w, https:\/\/apsoluti.com.co\/contents\/wp-content\/uploads\/2025\/09\/cultura_lean-300x169.jpg 300w, https:\/\/apsoluti.com.co\/contents\/wp-content\/uploads\/2025\/09\/cultura_lean-768x432.jpg 768w, https:\/\/apsoluti.com.co\/contents\/wp-content\/uploads\/2025\/09\/cultura_lean-1536x864.jpg 1536w, https:\/\/apsoluti.com.co\/contents\/wp-content\/uploads\/2025\/09\/cultura_lean-2048x1152.jpg 2048w\" sizes=\"(max-width: 1024px) 100vw, 1024px\" \/>\t\t\t\t\t\t\t\t\t\t\t\t\t\t\t<\/div>\n\t\t\t\t<\/div>\n\t\t\t\t<\/div>\n\t\t<div class=\"elementor-element elementor-element-47e72ac e-con-full e-flex e-con e-child\" data-id=\"47e72ac\" data-element_type=\"container\">\n\t\t\t\t<\/div>\n\t\t<div class=\"elementor-element elementor-element-5a7b151 e-con-full e-flex e-con e-child\" data-id=\"5a7b151\" data-element_type=\"container\">\n\t\t\t\t<div class=\"elementor-element elementor-element-e98b91a elementor-icon-list--layout-traditional elementor-list-item-link-full_width elementor-widget elementor-widget-icon-list\" data-id=\"e98b91a\" data-element_type=\"widget\" data-widget_type=\"icon-list.default\">\n\t\t\t\t<div class=\"elementor-widget-container\">\n\t\t\t\t\t\t\t<ul class=\"elementor-icon-list-items\">\n\t\t\t\t\t\t\t<li class=\"elementor-icon-list-item\">\n\t\t\t\t\t\t\t\t\t\t\t<span class=\"elementor-icon-list-icon\">\n\t\t\t\t\t\t\t<svg aria-hidden=\"true\" class=\"e-font-icon-svg e-fas-check\" viewBox=\"0 0 512 512\" xmlns=\"http:\/\/www.w3.org\/2000\/svg\"><path d=\"M173.898 439.404l-166.4-166.4c-9.997-9.997-9.997-26.206 0-36.204l36.203-36.204c9.997-9.998 26.207-9.998 36.204 0L192 312.69 432.095 72.596c9.997-9.997 26.207-9.997 36.204 0l36.203 36.204c9.997 9.997 9.997 26.206 0 36.204l-294.4 294.401c-9.998 9.997-26.207 9.997-36.204-.001z\"><\/path><\/svg>\t\t\t\t\t\t<\/span>\n\t\t\t\t\t\t\t\t\t\t<span class=\"elementor-icon-list-text\">Optimizaci\u00f3n del uso de activos y capacidad instalada.<\/span>\n\t\t\t\t\t\t\t\t\t<\/li>\n\t\t\t\t\t\t\t\t<li class=\"elementor-icon-list-item\">\n\t\t\t\t\t\t\t\t\t\t\t<span class=\"elementor-icon-list-icon\">\n\t\t\t\t\t\t\t<svg aria-hidden=\"true\" class=\"e-font-icon-svg e-fas-check\" viewBox=\"0 0 512 512\" xmlns=\"http:\/\/www.w3.org\/2000\/svg\"><path d=\"M173.898 439.404l-166.4-166.4c-9.997-9.997-9.997-26.206 0-36.204l36.203-36.204c9.997-9.998 26.207-9.998 36.204 0L192 312.69 432.095 72.596c9.997-9.997 26.207-9.997 36.204 0l36.203 36.204c9.997 9.997 9.997 26.206 0 36.204l-294.4 294.401c-9.998 9.997-26.207 9.997-36.204-.001z\"><\/path><\/svg>\t\t\t\t\t\t<\/span>\n\t\t\t\t\t\t\t\t\t\t<span class=\"elementor-icon-list-text\">Reducci\u00f3n de p\u00e9rdidas en energ\u00eda, materiales y tiempo de proceso.<\/span>\n\t\t\t\t\t\t\t\t\t<\/li>\n\t\t\t\t\t\t\t\t<li class=\"elementor-icon-list-item\">\n\t\t\t\t\t\t\t\t\t\t\t<span class=\"elementor-icon-list-icon\">\n\t\t\t\t\t\t\t<svg aria-hidden=\"true\" class=\"e-font-icon-svg e-fas-check\" viewBox=\"0 0 512 512\" xmlns=\"http:\/\/www.w3.org\/2000\/svg\"><path d=\"M173.898 439.404l-166.4-166.4c-9.997-9.997-9.997-26.206 0-36.204l36.203-36.204c9.997-9.998 26.207-9.998 36.204 0L192 312.69 432.095 72.596c9.997-9.997 26.207-9.997 36.204 0l36.203 36.204c9.997 9.997 9.997 26.206 0 36.204l-294.4 294.401c-9.998 9.997-26.207 9.997-36.204-.001z\"><\/path><\/svg>\t\t\t\t\t\t<\/span>\n\t\t\t\t\t\t\t\t\t\t<span class=\"elementor-icon-list-text\">Mayor estabilidad operativa y confiabilidad en planta.<\/span>\n\t\t\t\t\t\t\t\t\t<\/li>\n\t\t\t\t\t\t\t\t<li class=\"elementor-icon-list-item\">\n\t\t\t\t\t\t\t\t\t\t\t<span class=\"elementor-icon-list-icon\">\n\t\t\t\t\t\t\t<svg aria-hidden=\"true\" class=\"e-font-icon-svg e-fas-check\" viewBox=\"0 0 512 512\" xmlns=\"http:\/\/www.w3.org\/2000\/svg\"><path d=\"M173.898 439.404l-166.4-166.4c-9.997-9.997-9.997-26.206 0-36.204l36.203-36.204c9.997-9.998 26.207-9.998 36.204 0L192 312.69 432.095 72.596c9.997-9.997 26.207-9.997 36.204 0l36.203 36.204c9.997 9.997 9.997 26.206 0 36.204l-294.4 294.401c-9.998 9.997-26.207 9.997-36.204-.001z\"><\/path><\/svg>\t\t\t\t\t\t<\/span>\n\t\t\t\t\t\t\t\t\t\t<span class=\"elementor-icon-list-text\">Desarrollo de una cultura de equipos responsables y comprometidos con la mejora continua.<\/span>\n\t\t\t\t\t\t\t\t\t<\/li>\n\t\t\t\t\t\t\t\t<li class=\"elementor-icon-list-item\">\n\t\t\t\t\t\t\t\t\t\t\t<span class=\"elementor-icon-list-icon\">\n\t\t\t\t\t\t\t<svg aria-hidden=\"true\" class=\"e-font-icon-svg e-fas-check\" viewBox=\"0 0 512 512\" xmlns=\"http:\/\/www.w3.org\/2000\/svg\"><path d=\"M173.898 439.404l-166.4-166.4c-9.997-9.997-9.997-26.206 0-36.204l36.203-36.204c9.997-9.998 26.207-9.998 36.204 0L192 312.69 432.095 72.596c9.997-9.997 26.207-9.997 36.204 0l36.203 36.204c9.997 9.997 9.997 26.206 0 36.204l-294.4 294.401c-9.998 9.997-26.207 9.997-36.204-.001z\"><\/path><\/svg>\t\t\t\t\t\t<\/span>\n\t\t\t\t\t\t\t\t\t\t<span class=\"elementor-icon-list-text\">Capacidad de alinear objetivos de negocio con mejoras t\u00e9cnicas sostenibles.<\/span>\n\t\t\t\t\t\t\t\t\t<\/li>\n\t\t\t\t\t\t<\/ul>\n\t\t\t\t\t\t<\/div>\n\t\t\t\t<\/div>\n\t\t\t\t<\/div>\n\t\t\t\t\t<\/div>\n\t\t\t\t<\/div>\n\t\t<div class=\"elementor-element elementor-element-0264106 e-flex e-con-boxed e-con e-parent\" data-id=\"0264106\" data-element_type=\"container\">\n\t\t\t\t\t<div class=\"e-con-inner\">\n\t\t<div class=\"elementor-element elementor-element-099a554 e-con-full e-flex e-con e-child\" data-id=\"099a554\" data-element_type=\"container\">\n\t\t\t\t<\/div>\n\t\t<div class=\"elementor-element elementor-element-06ab281 e-con-full e-flex e-con e-child\" data-id=\"06ab281\" data-element_type=\"container\">\n\t\t\t\t<div class=\"elementor-element elementor-element-610b967 elementor-widget elementor-widget-heading\" data-id=\"610b967\" data-element_type=\"widget\" data-widget_type=\"heading.default\">\n\t\t\t\t<div class=\"elementor-widget-container\">\n\t\t\t\t\t<h2 class=\"elementor-heading-title elementor-size-default\">Nuestro programa de formaci\u00f3n \"In company\"<\/h2>\t\t\t\t<\/div>\n\t\t\t\t<\/div>\n\t\t\t\t<div class=\"elementor-element elementor-element-a1d7ad8 elementor-widget elementor-widget-text-editor\" data-id=\"a1d7ad8\" data-element_type=\"widget\" data-widget_type=\"text-editor.default\">\n\t\t\t\t<div class=\"elementor-widget-container\">\n\t\t\t\t\t\t\t\t\t<p>Este programa de desarrollo de competencias se desarrolla combinando sesiones directamente en las instalaciones del cliente y sesiones on line de coaching para la transformaci\u00f3n Lean. De acuerdo a las necesidades de su empresa, dise\u00f1aremos conjuntamente los conteidos, duraci\u00f3n y estrategias formativas para garantizar verdaderas transformaciones en los equipos l\u00edderes y de planta.<\/p>\t\t\t\t\t\t\t\t<\/div>\n\t\t\t\t<\/div>\n\t\t\t\t<div class=\"elementor-element elementor-element-a3f9645 elementor-widget elementor-widget-heading\" data-id=\"a3f9645\" data-element_type=\"widget\" data-widget_type=\"heading.default\">\n\t\t\t\t<div class=\"elementor-widget-container\">\n\t\t\t\t\t<h2 class=\"elementor-heading-title elementor-size-default\">Contenido sugerido<\/h2>\t\t\t\t<\/div>\n\t\t\t\t<\/div>\n\t\t\t\t<div class=\"elementor-element elementor-element-27e5a25 elementor-widget elementor-widget-text-editor\" data-id=\"27e5a25\" data-element_type=\"widget\" data-widget_type=\"text-editor.default\">\n\t\t\t\t<div class=\"elementor-widget-container\">\n\t\t\t\t\t\t\t\t\t<h4 data-start=\"1697\" data-end=\"1725\">\u00a0<\/h4><ol data-start=\"1727\" data-end=\"3028\"><li data-start=\"1727\" data-end=\"1958\"><p data-start=\"1730\" data-end=\"1778\"><strong data-start=\"1730\" data-end=\"1776\">Introducci\u00f3n al Lean en procesos continuos<\/strong><\/p><ul data-start=\"1782\" data-end=\"1958\"><li data-start=\"1782\" data-end=\"1866\"><p data-start=\"1784\" data-end=\"1866\">Diferencias entre Lean en manufactura discreta y en procesos l\u00edquidos\/continuos.<\/p><\/li><li data-start=\"1870\" data-end=\"1958\"><p data-start=\"1872\" data-end=\"1958\">Conceptos base de <em data-start=\"1890\" data-end=\"1903\">Liquid Lean<\/em>: estabilidad, flujo energ\u00e9tico, p\u00e9rdidas invisibles.<\/p><\/li><\/ul><\/li><li data-start=\"1960\" data-end=\"2169\"><p data-start=\"1963\" data-end=\"2017\"><strong data-start=\"1963\" data-end=\"2015\">Identificaci\u00f3n de p\u00e9rdidas en procesos continuos<\/strong><\/p><ul data-start=\"2021\" data-end=\"2169\"><li data-start=\"2021\" data-end=\"2070\"><p data-start=\"2023\" data-end=\"2070\">Mapas de valor adaptados a flujos de proceso.<\/p><\/li><li data-start=\"2074\" data-end=\"2169\"><p data-start=\"2076\" data-end=\"2169\">Herramientas para detectar fugas de eficiencia: energ\u00eda, tiempo, materia prima, reprocesos.<\/p><\/li><\/ul><\/li><li data-start=\"2171\" data-end=\"2405\"><p data-start=\"2174\" data-end=\"2220\"><strong data-start=\"2174\" data-end=\"2218\">Herramientas Lean para procesos l\u00edquidos<\/strong><\/p><ul data-start=\"2224\" data-end=\"2405\"><li data-start=\"2224\" data-end=\"2281\"><p data-start=\"2226\" data-end=\"2281\">Visual Management en contextos de operaci\u00f3n continua.<\/p><\/li><li data-start=\"2285\" data-end=\"2350\"><p data-start=\"2287\" data-end=\"2350\">Uso de PDCA y an\u00e1lisis de causa ra\u00edz en problemas de proceso.<\/p><\/li><li data-start=\"2354\" data-end=\"2405\"><p data-start=\"2356\" data-end=\"2405\">M\u00e9todos de control y estandarizaci\u00f3n operativa.<\/p><\/li><\/ul><\/li><li data-start=\"2407\" data-end=\"2652\"><p data-start=\"2410\" data-end=\"2464\"><strong data-start=\"2410\" data-end=\"2462\">Gesti\u00f3n centrada en compromisos y liderazgo Lean<\/strong><\/p><ul data-start=\"2468\" data-end=\"2652\"><li data-start=\"2468\" data-end=\"2560\"><p data-start=\"2470\" data-end=\"2560\">El rol del directivo en procesos continuos: confianza, autonom\u00eda y prop\u00f3sito compartido.<\/p><\/li><li data-start=\"2564\" data-end=\"2652\"><p data-start=\"2566\" data-end=\"2652\">Entrenamiento con coaching directivo para convertir tareas en compromisos efectivos.<\/p><\/li><\/ul><\/li><li data-start=\"2654\" data-end=\"2836\"><p data-start=\"2657\" data-end=\"2696\"><strong data-start=\"2657\" data-end=\"2694\">Implementaci\u00f3n pr\u00e1ctica en planta<\/strong><\/p><ul data-start=\"2700\" data-end=\"2836\"><li data-start=\"2700\" data-end=\"2770\"><p data-start=\"2702\" data-end=\"2770\">Visitas a procesos seleccionados para identificar mejoras r\u00e1pidas.<\/p><\/li><li data-start=\"2774\" data-end=\"2836\"><p data-start=\"2776\" data-end=\"2836\">Desarrollo de proyectos piloto con los equipos operativos.<\/p><\/li><\/ul><\/li><li data-start=\"2838\" data-end=\"3028\"><p data-start=\"2841\" data-end=\"2876\"><strong data-start=\"2841\" data-end=\"2874\">Escalamiento y sostenibilidad<\/strong><\/p><ul data-start=\"2880\" data-end=\"3028\"><li data-start=\"2880\" data-end=\"2940\"><p data-start=\"2882\" data-end=\"2940\">C\u00f3mo extender la mejora continua a toda la organizaci\u00f3n.<\/p><\/li><li data-start=\"2944\" data-end=\"3028\"><p data-start=\"2946\" data-end=\"3028\">Construcci\u00f3n de una cultura de equipos de alto desempe\u00f1o en entornos de proceso.<\/p><\/li><\/ul><\/li><\/ol>\t\t\t\t\t\t\t\t<\/div>\n\t\t\t\t<\/div>\n\t\t\t\t<div class=\"elementor-element elementor-element-3bdd997 elementor-align-center elementor-widget elementor-widget-button\" data-id=\"3bdd997\" data-element_type=\"widget\" data-widget_type=\"button.default\">\n\t\t\t\t<div class=\"elementor-widget-container\">\n\t\t\t\t\t\t\t\t\t<div class=\"elementor-button-wrapper\">\n\t\t\t\t\t<a class=\"elementor-button elementor-button-link elementor-size-sm\" href=\"https:\/\/academia-tpm.com\/plataforma\/contactos_apsoluti\/\" target=\"_blank\" rel=\"noopener\">\n\t\t\t\t\t\t<span class=\"elementor-button-content-wrapper\">\n\t\t\t\t\t\t\t\t\t<span class=\"elementor-button-text\">Conversemos ...<\/span>\n\t\t\t\t\t<\/span>\n\t\t\t\t\t<\/a>\n\t\t\t\t<\/div>\n\t\t\t\t\t\t\t\t<\/div>\n\t\t\t\t<\/div>\n\t\t\t\t<\/div>\n\t\t<div class=\"elementor-element elementor-element-3f2fd26 e-con-full e-flex e-con e-child\" data-id=\"3f2fd26\" data-element_type=\"container\">\n\t\t\t\t<\/div>\n\t\t\t\t\t<\/div>\n\t\t\t\t<\/div>\n\t\t<div class=\"elementor-element elementor-element-f20f91d e-flex e-con-boxed e-con e-parent\" data-id=\"f20f91d\" data-element_type=\"container\">\n\t\t\t\t\t<div class=\"e-con-inner\">\n\t\t<div class=\"elementor-element elementor-element-b3a05f1 e-con-full e-flex e-con e-child\" data-id=\"b3a05f1\" data-element_type=\"container\">\n\t\t\t\t<\/div>\n\t\t<div class=\"elementor-element elementor-element-b797dfe e-con-full e-flex e-con e-child\" data-id=\"b797dfe\" data-element_type=\"container\">\n\t\t\t\t<\/div>\n\t\t<div class=\"elementor-element elementor-element-c542d98 e-con-full e-flex e-con e-child\" data-id=\"c542d98\" data-element_type=\"container\">\n\t\t\t\t<\/div>\n\t\t\t\t\t<\/div>\n\t\t\t\t<\/div>\n\t\t\t\t<\/div>\n\t\t","protected":false},"excerpt":{"rendered":"<p>LIQUID LEAN Lean en procesos continuos: un nuevo enfoque En los entornos industriales de procesos \u2014qu\u00edmicos, petroqu\u00edmicos, farmac\u00e9uticos, energ\u00e9ticos o [&hellip;]<\/p>\n","protected":false},"author":1,"featured_media":0,"parent":0,"menu_order":0,"comment_status":"closed","ping_status":"closed","template":"","meta":{"site-sidebar-layout":"no-sidebar","site-content-layout":"","ast-site-content-layout":"full-width-container","site-content-style":"default","site-sidebar-style":"default","ast-global-header-display":"","ast-banner-title-visibility":"","ast-main-header-display":"","ast-hfb-above-header-display":"","ast-hfb-below-header-display":"","ast-hfb-mobile-header-display":"","site-post-title":"disabled","ast-breadcrumbs-content":"","ast-featured-img":"disabled","footer-sml-layout":"","theme-transparent-header-meta":"default","adv-header-id-meta":"","stick-header-meta":"","header-above-stick-meta":"","header-main-stick-meta":"","header-below-stick-meta":"","astra-migrate-meta-layouts":"set","ast-page-background-enabled":"default","ast-page-background-meta":{"desktop":{"background-color":"var(--ast-global-color-5)","background-image":"","background-repeat":"repeat","background-position":"center center","background-size":"auto","background-attachment":"scroll","background-type":"","background-media":"","overlay-type":"","overlay-color":"","overlay-opacity":"","overlay-gradient":""},"tablet":{"background-color":"","background-image":"","background-repeat":"repeat","background-position":"center center","background-size":"auto","background-attachment":"scroll","background-type":"","background-media":"","overlay-type":"","overlay-color":"","overlay-opacity":"","overlay-gradient":""},"mobile":{"background-color":"","background-image":"","background-repeat":"repeat","background-position":"center center","background-size":"auto","background-attachment":"scroll","background-type":"","background-media":"","overlay-type":"","overlay-color":"","overlay-opacity":"","overlay-gradient":""}},"ast-content-background-meta":{"desktop":{"background-color":"var(--ast-global-color-4)","background-image":"","background-repeat":"repeat","background-position":"center center","background-size":"auto","background-attachment":"scroll","background-type":"","background-media":"","overlay-type":"","overlay-color":"","overlay-opacity":"","overlay-gradient":""},"tablet":{"background-color":"var(--ast-global-color-4)","background-image":"","background-repeat":"repeat","background-position":"center center","background-size":"auto","background-attachment":"scroll","background-type":"","background-media":"","overlay-type":"","overlay-color":"","overlay-opacity":"","overlay-gradient":""},"mobile":{"background-color":"var(--ast-global-color-4)","background-image":"","background-repeat":"repeat","background-position":"center center","background-size":"auto","background-attachment":"scroll","background-type":"","background-media":"","overlay-type":"","overlay-color":"","overlay-opacity":"","overlay-gradient":""}},"footnotes":""},"class_list":["post-1772","page","type-page","status-publish","hentry"],"_links":{"self":[{"href":"https:\/\/apsoluti.com.co\/contents\/wp-json\/wp\/v2\/pages\/1772","targetHints":{"allow":["GET"]}}],"collection":[{"href":"https:\/\/apsoluti.com.co\/contents\/wp-json\/wp\/v2\/pages"}],"about":[{"href":"https:\/\/apsoluti.com.co\/contents\/wp-json\/wp\/v2\/types\/page"}],"author":[{"embeddable":true,"href":"https:\/\/apsoluti.com.co\/contents\/wp-json\/wp\/v2\/users\/1"}],"replies":[{"embeddable":true,"href":"https:\/\/apsoluti.com.co\/contents\/wp-json\/wp\/v2\/comments?post=1772"}],"version-history":[{"count":49,"href":"https:\/\/apsoluti.com.co\/contents\/wp-json\/wp\/v2\/pages\/1772\/revisions"}],"predecessor-version":[{"id":1825,"href":"https:\/\/apsoluti.com.co\/contents\/wp-json\/wp\/v2\/pages\/1772\/revisions\/1825"}],"wp:attachment":[{"href":"https:\/\/apsoluti.com.co\/contents\/wp-json\/wp\/v2\/media?parent=1772"}],"curies":[{"name":"wp","href":"https:\/\/api.w.org\/{rel}","templated":true}]}}