{"id":1452,"date":"2025-08-28T04:24:10","date_gmt":"2025-08-28T04:24:10","guid":{"rendered":"https:\/\/apsoluti.com.co\/contents\/?page_id=1452"},"modified":"2025-08-28T07:16:40","modified_gmt":"2025-08-28T07:16:40","slug":"estrategia5s","status":"publish","type":"page","link":"https:\/\/apsoluti.com.co\/contents\/estrategia5s\/","title":{"rendered":"estrategia5s"},"content":{"rendered":"\t\t<div data-elementor-type=\"wp-page\" data-elementor-id=\"1452\" class=\"elementor elementor-1452\">\n\t\t\t\t<div class=\"elementor-element elementor-element-7bff650 e-flex e-con-boxed e-con e-parent\" data-id=\"7bff650\" data-element_type=\"container\">\n\t\t\t\t\t<div class=\"e-con-inner\">\n\t\t<div class=\"elementor-element elementor-element-b613fc1 e-con-full e-flex e-con e-child\" data-id=\"b613fc1\" data-element_type=\"container\">\n\t\t\t\t<\/div>\n\t\t<div class=\"elementor-element elementor-element-c82fd40 e-con-full e-flex e-con e-child\" data-id=\"c82fd40\" data-element_type=\"container\">\n\t\t\t\t<div class=\"elementor-element elementor-element-032e1a6 elementor-widget elementor-widget-heading\" data-id=\"032e1a6\" data-element_type=\"widget\" data-widget_type=\"heading.default\">\n\t\t\t\t<div class=\"elementor-widget-container\">\n\t\t\t\t\t<h2 class=\"elementor-heading-title elementor-size-default\">Estrategia 5S<\/h2>\t\t\t\t<\/div>\n\t\t\t\t<\/div>\n\t\t\t\t<div class=\"elementor-element elementor-element-1df3f74 elementor-widget elementor-widget-heading\" data-id=\"1df3f74\" data-element_type=\"widget\" data-widget_type=\"heading.default\">\n\t\t\t\t<div class=\"elementor-widget-container\">\n\t\t\t\t\t<h2 class=\"elementor-heading-title elementor-size-default\">La base cultural de la Excelencia Industrial<\/h2>\t\t\t\t<\/div>\n\t\t\t\t<\/div>\n\t\t\t\t<div class=\"elementor-element elementor-element-f35a78e elementor-widget elementor-widget-text-editor\" data-id=\"f35a78e\" data-element_type=\"widget\" data-widget_type=\"text-editor.default\">\n\t\t\t\t<div class=\"elementor-widget-container\">\n\t\t\t\t\t\t\t\t\t<p>Un programa de seis meses con talleres pr\u00e1cticos, mentor\u00eda y coaching individual para construir h\u00e1bitos, disciplina y est\u00e1ndares que sostienen la mejora continua, la productividad y la seguridad.<\/p>\t\t\t\t\t\t\t\t<\/div>\n\t\t\t\t<\/div>\n\t\t\t\t<\/div>\n\t\t<div class=\"elementor-element elementor-element-1244d4d e-con-full e-flex e-con e-child\" data-id=\"1244d4d\" data-element_type=\"container\">\n\t\t\t\t<\/div>\n\t\t\t\t\t<\/div>\n\t\t\t\t<\/div>\n\t\t<div class=\"elementor-element elementor-element-ac26345 e-flex e-con-boxed e-con e-parent\" data-id=\"ac26345\" data-element_type=\"container\">\n\t\t\t\t\t<div class=\"e-con-inner\">\n\t\t<div class=\"elementor-element elementor-element-3c7c928 e-con-full e-flex e-con e-child\" data-id=\"3c7c928\" data-element_type=\"container\">\n\t\t\t\t<\/div>\n\t\t<div class=\"elementor-element elementor-element-ae21567 e-con-full e-flex e-con e-child\" data-id=\"ae21567\" data-element_type=\"container\">\n\t\t\t\t<div class=\"elementor-element elementor-element-17ed9bf elementor-widget elementor-widget-image\" data-id=\"17ed9bf\" data-element_type=\"widget\" data-widget_type=\"image.default\">\n\t\t\t\t<div class=\"elementor-widget-container\">\n\t\t\t\t\t\t\t\t\t\t\t\t\t\t\t<img fetchpriority=\"high\" decoding=\"async\" width=\"1024\" height=\"683\" src=\"https:\/\/apsoluti.com.co\/contents\/wp-content\/uploads\/2025\/08\/estrategia_5s-1024x683.jpg\" class=\"attachment-large size-large wp-image-1502\" alt=\"\" srcset=\"https:\/\/apsoluti.com.co\/contents\/wp-content\/uploads\/2025\/08\/estrategia_5s-1024x683.jpg 1024w, https:\/\/apsoluti.com.co\/contents\/wp-content\/uploads\/2025\/08\/estrategia_5s-300x200.jpg 300w, https:\/\/apsoluti.com.co\/contents\/wp-content\/uploads\/2025\/08\/estrategia_5s-768x512.jpg 768w, https:\/\/apsoluti.com.co\/contents\/wp-content\/uploads\/2025\/08\/estrategia_5s.jpg 1180w\" sizes=\"(max-width: 1024px) 100vw, 1024px\" \/>\t\t\t\t\t\t\t\t\t\t\t\t\t\t\t<\/div>\n\t\t\t\t<\/div>\n\t\t\t\t<\/div>\n\t\t<div class=\"elementor-element elementor-element-036a992 e-con-full e-flex e-con e-child\" data-id=\"036a992\" data-element_type=\"container\">\n\t\t\t\t<\/div>\n\t\t<div class=\"elementor-element elementor-element-98ba186 e-con-full e-flex e-con e-child\" data-id=\"98ba186\" data-element_type=\"container\">\n\t\t\t\t<div class=\"elementor-element elementor-element-faeea9c elementor-widget elementor-widget-heading\" data-id=\"faeea9c\" data-element_type=\"widget\" data-widget_type=\"heading.default\">\n\t\t\t\t<div class=\"elementor-widget-container\">\n\t\t\t\t\t<h2 class=\"elementor-heading-title elementor-size-default\">M\u00e1s que limpieza y orden. Un sistema para crear h\u00e1bitos, disciplina y liderazgo transformador en la f\u00e1brica.<\/h2>\t\t\t\t<\/div>\n\t\t\t\t<\/div>\n\t\t\t\t<div class=\"elementor-element elementor-element-2b911b2 elementor-widget elementor-widget-text-editor\" data-id=\"2b911b2\" data-element_type=\"widget\" data-widget_type=\"text-editor.default\">\n\t\t\t\t<div class=\"elementor-widget-container\">\n\t\t\t\t\t\t\t\t\t<p data-start=\"856\" data-end=\"921\">\u00bfPor qu\u00e9 la mayor\u00eda de programas 5S fracasan?<\/p><p data-start=\"923\" data-end=\"1063\">En muchas empresas, las 5S se entienden como un proyecto de <strong data-start=\"1002\" data-end=\"1018\">housekeeping<\/strong>: pintar, ordenar, limpiar\u2026<br data-start=\"1045\" data-end=\"1048\" \/>El resultado:<\/p><ul data-start=\"1064\" data-end=\"1243\"><li data-start=\"1064\" data-end=\"1133\"><p data-start=\"1066\" data-end=\"1133\">Programas que generan entusiasmo al inicio y desaparecen despu\u00e9s.<\/p><\/li><li data-start=\"1134\" data-end=\"1189\"><p data-start=\"1136\" data-end=\"1189\">Auditor\u00edas superficiales sin impacto en la cultura.<\/p><\/li><li data-start=\"1190\" data-end=\"1243\"><p data-start=\"1192\" data-end=\"1243\">F\u00e1bricas donde el desorden vuelve una y otra vez.<\/p><\/li><\/ul><p data-start=\"1245\" data-end=\"1350\">Esto pasa porque las 5S no son housekeeping: son el <strong data-start=\"1300\" data-end=\"1347\">primer entrenamiento cultural de la f\u00e1brica<\/strong>.<\/p>\t\t\t\t\t\t\t\t<\/div>\n\t\t\t\t<\/div>\n\t\t\t\t<\/div>\n\t\t\t\t\t<\/div>\n\t\t\t\t<\/div>\n\t\t<div class=\"elementor-element elementor-element-16d14a4 e-flex e-con-boxed e-con e-parent\" data-id=\"16d14a4\" data-element_type=\"container\">\n\t\t\t\t\t<div class=\"e-con-inner\">\n\t\t<div class=\"elementor-element elementor-element-39ae7df e-con-full e-flex e-con e-child\" data-id=\"39ae7df\" data-element_type=\"container\">\n\t\t\t\t<\/div>\n\t\t<div class=\"elementor-element elementor-element-03e7d85 e-con-full e-flex e-con e-child\" data-id=\"03e7d85\" data-element_type=\"container\">\n\t\t\t\t<div class=\"elementor-element elementor-element-1caf0a4 elementor-widget elementor-widget-heading\" data-id=\"1caf0a4\" data-element_type=\"widget\" data-widget_type=\"heading.default\">\n\t\t\t\t<div class=\"elementor-widget-container\">\n\t\t\t\t\t<h2 class=\"elementor-heading-title elementor-size-default\">El verdadero sentido de las 5S<\/h2>\t\t\t\t<\/div>\n\t\t\t\t<\/div>\n\t\t\t\t<div class=\"elementor-element elementor-element-ddbdb73 elementor-widget elementor-widget-text-editor\" data-id=\"ddbdb73\" data-element_type=\"widget\" data-widget_type=\"text-editor.default\">\n\t\t\t\t<div class=\"elementor-widget-container\">\n\t\t\t\t\t\t\t\t\t<p data-start=\"1405\" data-end=\"1455\">Las 5S son el <strong data-start=\"1490\" data-end=\"1567\">cimiento sobre el que se construyen Lean, TPM y la Excelencia Operacional<\/strong>.<\/p><ul data-start=\"1571\" data-end=\"1748\"><li data-start=\"1571\" data-end=\"1613\"><p data-start=\"1573\" data-end=\"1613\">Crean h\u00e1bitos y disciplina compartida.<\/p><\/li><li data-start=\"1614\" data-end=\"1679\"><p data-start=\"1616\" data-end=\"1679\">Preparan el terreno para est\u00e1ndares de trabajo y autocontrol.<\/p><\/li><li data-start=\"1680\" data-end=\"1748\"><p data-start=\"1682\" data-end=\"1748\">Desarrollan una cultura de compromiso y liderazgo transformador.<\/p><\/li><\/ul><p data-start=\"1750\" data-end=\"1884\">Con nuestro programa, las 5S dejan de ser un proyecto de orden y limpieza para convertirse en un <strong data-start=\"1850\" data-end=\"1881\">sistema cultural sostenible<\/strong>.<\/p>\t\t\t\t\t\t\t\t<\/div>\n\t\t\t\t<\/div>\n\t\t\t\t<div class=\"elementor-element elementor-element-370ca91 elementor-widget elementor-widget-heading\" data-id=\"370ca91\" data-element_type=\"widget\" data-widget_type=\"heading.default\">\n\t\t\t\t<div class=\"elementor-widget-container\">\n\t\t\t\t\t<h2 class=\"elementor-heading-title elementor-size-default\">Los beneficios reales<\/h2>\t\t\t\t<\/div>\n\t\t\t\t<\/div>\n\t\t\t\t<div class=\"elementor-element elementor-element-7aa99ae elementor-icon-list--layout-traditional elementor-list-item-link-full_width elementor-widget elementor-widget-icon-list\" data-id=\"7aa99ae\" data-element_type=\"widget\" data-widget_type=\"icon-list.default\">\n\t\t\t\t<div class=\"elementor-widget-container\">\n\t\t\t\t\t\t\t<ul class=\"elementor-icon-list-items\">\n\t\t\t\t\t\t\t<li class=\"elementor-icon-list-item\">\n\t\t\t\t\t\t\t\t\t\t\t<span class=\"elementor-icon-list-icon\">\n\t\t\t\t\t\t\t<svg aria-hidden=\"true\" class=\"e-font-icon-svg e-fas-check\" viewBox=\"0 0 512 512\" xmlns=\"http:\/\/www.w3.org\/2000\/svg\"><path d=\"M173.898 439.404l-166.4-166.4c-9.997-9.997-9.997-26.206 0-36.204l36.203-36.204c9.997-9.998 26.207-9.998 36.204 0L192 312.69 432.095 72.596c9.997-9.997 26.207-9.997 36.204 0l36.203 36.204c9.997 9.997 9.997 26.206 0 36.204l-294.4 294.401c-9.998 9.997-26.207 9.997-36.204-.001z\"><\/path><\/svg>\t\t\t\t\t\t<\/span>\n\t\t\t\t\t\t\t\t\t\t<span class=\"elementor-icon-list-text\">Equipos que realizan el trabajo disciplinadamente sin supervisi\u00f3n constante<\/span>\n\t\t\t\t\t\t\t\t\t<\/li>\n\t\t\t\t\t\t\t\t<li class=\"elementor-icon-list-item\">\n\t\t\t\t\t\t\t\t\t\t\t<span class=\"elementor-icon-list-icon\">\n\t\t\t\t\t\t\t<svg aria-hidden=\"true\" class=\"e-font-icon-svg e-fas-check\" viewBox=\"0 0 512 512\" xmlns=\"http:\/\/www.w3.org\/2000\/svg\"><path d=\"M173.898 439.404l-166.4-166.4c-9.997-9.997-9.997-26.206 0-36.204l36.203-36.204c9.997-9.998 26.207-9.998 36.204 0L192 312.69 432.095 72.596c9.997-9.997 26.207-9.997 36.204 0l36.203 36.204c9.997 9.997 9.997 26.206 0 36.204l-294.4 294.401c-9.998 9.997-26.207 9.997-36.204-.001z\"><\/path><\/svg>\t\t\t\t\t\t<\/span>\n\t\t\t\t\t\t\t\t\t\t<span class=\"elementor-icon-list-text\">Una cultura de compromiso que sostiene la mejora continua<\/span>\n\t\t\t\t\t\t\t\t\t<\/li>\n\t\t\t\t\t\t\t\t<li class=\"elementor-icon-list-item\">\n\t\t\t\t\t\t\t\t\t\t\t<span class=\"elementor-icon-list-icon\">\n\t\t\t\t\t\t\t<svg aria-hidden=\"true\" class=\"e-font-icon-svg e-fas-check\" viewBox=\"0 0 512 512\" xmlns=\"http:\/\/www.w3.org\/2000\/svg\"><path d=\"M173.898 439.404l-166.4-166.4c-9.997-9.997-9.997-26.206 0-36.204l36.203-36.204c9.997-9.998 26.207-9.998 36.204 0L192 312.69 432.095 72.596c9.997-9.997 26.207-9.997 36.204 0l36.203 36.204c9.997 9.997 9.997 26.206 0 36.204l-294.4 294.401c-9.998 9.997-26.207 9.997-36.204-.001z\"><\/path><\/svg>\t\t\t\t\t\t<\/span>\n\t\t\t\t\t\t\t\t\t\t<span class=\"elementor-icon-list-text\">L\u00edderes que transforman la acci\u00f3n diaria en resultados sostenibles<\/span>\n\t\t\t\t\t\t\t\t\t<\/li>\n\t\t\t\t\t\t\t\t<li class=\"elementor-icon-list-item\">\n\t\t\t\t\t\t\t\t\t\t\t<span class=\"elementor-icon-list-icon\">\n\t\t\t\t\t\t\t<svg aria-hidden=\"true\" class=\"e-font-icon-svg e-fas-check\" viewBox=\"0 0 512 512\" xmlns=\"http:\/\/www.w3.org\/2000\/svg\"><path d=\"M173.898 439.404l-166.4-166.4c-9.997-9.997-9.997-26.206 0-36.204l36.203-36.204c9.997-9.998 26.207-9.998 36.204 0L192 312.69 432.095 72.596c9.997-9.997 26.207-9.997 36.204 0l36.203 36.204c9.997 9.997 9.997 26.206 0 36.204l-294.4 294.401c-9.998 9.997-26.207 9.997-36.204-.001z\"><\/path><\/svg>\t\t\t\t\t\t<\/span>\n\t\t\t\t\t\t\t\t\t\t<span class=\"elementor-icon-list-text\">La base para implantar Lean, TPM, TPS y Excelencia Operacional<\/span>\n\t\t\t\t\t\t\t\t\t<\/li>\n\t\t\t\t\t\t<\/ul>\n\t\t\t\t\t\t<\/div>\n\t\t\t\t<\/div>\n\t\t\t\t<div class=\"elementor-element elementor-element-039ec4c elementor-widget elementor-widget-heading\" data-id=\"039ec4c\" data-element_type=\"widget\" data-widget_type=\"heading.default\">\n\t\t\t\t<div class=\"elementor-widget-container\">\n\t\t\t\t\t<h2 class=\"elementor-heading-title elementor-size-default\">Programa de desarrollo<\/h2>\t\t\t\t<\/div>\n\t\t\t\t<\/div>\n\t\t\t\t<div class=\"elementor-element elementor-element-b3c2cde elementor-widget elementor-widget-text-editor\" data-id=\"b3c2cde\" data-element_type=\"widget\" data-widget_type=\"text-editor.default\">\n\t\t\t\t<div class=\"elementor-widget-container\">\n\t\t\t\t\t\t\t\t\t<p data-start=\"433\" data-end=\"689\">Nuestro programa de 5S est\u00e1 dise\u00f1ado para acompa\u00f1ar a l\u00edderes y equipos en el desarrollo de h\u00e1bitos de trabajo 5S<strong data-start=\"511\" data-end=\"572\">, empleo de est\u00e1ndares y fortalecimiento de la disciplina operacional<\/strong> que sostienen la excelencia, mediante talleres pr\u00e1cticos, mentor\u00eda metodol\u00f3gica y coaching individual.<\/p><p data-start=\"691\" data-end=\"705\"><strong data-start=\"691\" data-end=\"703\">Incluye:<\/strong><\/p><ul data-start=\"706\" data-end=\"1266\"><li data-start=\"706\" data-end=\"869\"><p data-start=\"708\" data-end=\"869\"><strong data-start=\"708\" data-end=\"745\">Cinco laboratorios de aprendizaje<\/strong>: talleres pr\u00e1cticos centrados en cada una de las 5S, mostrando c\u00f3mo aplicarlas en procesos, \u00e1reas de trabajo y seguridad.<\/p><\/li><li data-start=\"870\" data-end=\"1062\"><p data-start=\"872\" data-end=\"1062\"><strong data-start=\"872\" data-end=\"896\">Sesiones de mentor\u00eda<\/strong>: acompa\u00f1amiento grupal o individual sobre la metodolog\u00eda 5S, c\u00f3mo gestionar sus indicadores y aplicarlas estrat\u00e9gicamente para mejorar procesos y \u00e1reas de trabajo.<\/p><\/li><li data-start=\"1063\" data-end=\"1266\"><p data-start=\"1065\" data-end=\"1266\"><strong data-start=\"1065\" data-end=\"1105\">Seis sesiones de coaching individual<\/strong>: apoyo personalizado a l\u00edderes para fortalecer su rol, c\u00f3mo implicar al personal, c\u00f3mo consolidar los h\u00e1bitos de trabajo, medir resultados y asegurar la correcta aplicaci\u00f3n de la disciplina en sus equipos.<\/p><\/li><\/ul>\t\t\t\t\t\t\t\t<\/div>\n\t\t\t\t<\/div>\n\t\t\t\t<\/div>\n\t\t<div class=\"elementor-element elementor-element-da115bc e-con-full e-flex e-con e-child\" data-id=\"da115bc\" data-element_type=\"container\">\n\t\t\t\t<\/div>\n\t\t\t\t\t<\/div>\n\t\t\t\t<\/div>\n\t\t<div class=\"elementor-element elementor-element-dcdd5e2 e-flex e-con-boxed e-con e-parent\" data-id=\"dcdd5e2\" data-element_type=\"container\">\n\t\t\t\t\t<div class=\"e-con-inner\">\n\t\t<div class=\"elementor-element elementor-element-17632a7 e-con-full e-flex e-con e-child\" data-id=\"17632a7\" data-element_type=\"container\">\n\t\t\t\t<\/div>\n\t\t<div class=\"elementor-element elementor-element-396061e e-con-full e-flex e-con e-child\" data-id=\"396061e\" data-element_type=\"container\">\n\t\t\t\t<div class=\"elementor-element elementor-element-49448a5 elementor-widget elementor-widget-text-editor\" data-id=\"49448a5\" data-element_type=\"widget\" data-widget_type=\"text-editor.default\">\n\t\t\t\t<div class=\"elementor-widget-container\">\n\t\t\t\t\t\t\t\t\t<p><strong data-start=\"293\" data-end=\"376\">Coaches mentores acreditados MCC por The International Coaching Federation<\/strong>, con amplia experiencia como directivos en empresas industriales y en consultor\u00eda implantando 5S y m\u00e9todos WCM, acompa\u00f1an a l\u00edderes y equipos en la <strong data-start=\"506\" data-end=\"577\">implantaci\u00f3n efectiva de las 5S como sistema cultural y estrat\u00e9gico<\/strong>.<\/p><p>No impartimos charlas o talleres l\u00fadicos de 5S que generan entusiasmo temporal, sino que trabajamos con instrumentos de coaching de equipo para <strong data-start=\"673\" data-end=\"732\">transformar h\u00e1bitos, disciplina y est\u00e1ndares de trabajo.<\/strong><\/p>\t\t\t\t\t\t\t\t<\/div>\n\t\t\t\t<\/div>\n\t\t\t\t<\/div>\n\t\t<div class=\"elementor-element elementor-element-3a28ba2 e-con-full e-flex e-con e-child\" data-id=\"3a28ba2\" data-element_type=\"container\">\n\t\t\t\t<\/div>\n\t\t\t\t\t<\/div>\n\t\t\t\t<\/div>\n\t\t<div class=\"elementor-element elementor-element-9c7e563 e-flex e-con-boxed e-con e-parent\" data-id=\"9c7e563\" data-element_type=\"container\">\n\t\t\t\t\t<div class=\"e-con-inner\">\n\t\t<div class=\"elementor-element elementor-element-a87623d e-con-full e-flex e-con e-child\" data-id=\"a87623d\" data-element_type=\"container\">\n\t\t\t\t<\/div>\n\t\t<div class=\"elementor-element elementor-element-d5bec9c e-con-full e-flex e-con e-child\" data-id=\"d5bec9c\" data-element_type=\"container\">\n\t\t\t\t<div class=\"elementor-element elementor-element-a2c2521 elementor-align-center elementor-widget elementor-widget-button\" data-id=\"a2c2521\" data-element_type=\"widget\" data-widget_type=\"button.default\">\n\t\t\t\t<div class=\"elementor-widget-container\">\n\t\t\t\t\t\t\t\t\t<div class=\"elementor-button-wrapper\">\n\t\t\t\t\t<a class=\"elementor-button elementor-button-link elementor-size-sm\" href=\"https:\/\/academia-tpm.com\/plataforma\/contactos_apsoluti\/\" target=\"_blank\" rel=\"noopener\">\n\t\t\t\t\t\t<span class=\"elementor-button-content-wrapper\">\n\t\t\t\t\t\t\t\t\t<span class=\"elementor-button-text\">Conversemos y dise\u00f1os tu programa ...<\/span>\n\t\t\t\t\t<\/span>\n\t\t\t\t\t<\/a>\n\t\t\t\t<\/div>\n\t\t\t\t\t\t\t\t<\/div>\n\t\t\t\t<\/div>\n\t\t\t\t<\/div>\n\t\t<div class=\"elementor-element elementor-element-a24a43b e-con-full e-flex e-con e-child\" data-id=\"a24a43b\" data-element_type=\"container\">\n\t\t\t\t<\/div>\n\t\t\t\t\t<\/div>\n\t\t\t\t<\/div>\n\t\t<div class=\"elementor-element elementor-element-8c64b67 e-flex e-con-boxed e-con e-parent\" data-id=\"8c64b67\" data-element_type=\"container\">\n\t\t\t\t\t<div class=\"e-con-inner\">\n\t\t<div class=\"elementor-element elementor-element-40f298f e-con-full e-flex e-con e-child\" data-id=\"40f298f\" data-element_type=\"container\">\n\t\t\t\t<\/div>\n\t\t<div class=\"elementor-element elementor-element-259761d e-con-full e-flex e-con e-child\" data-id=\"259761d\" data-element_type=\"container\">\n\t\t\t\t<\/div>\n\t\t<div class=\"elementor-element elementor-element-134c9ce e-con-full e-flex e-con e-child\" data-id=\"134c9ce\" data-element_type=\"container\">\n\t\t\t\t<\/div>\n\t\t\t\t\t<\/div>\n\t\t\t\t<\/div>\n\t\t\t\t<\/div>\n\t\t","protected":false},"excerpt":{"rendered":"<p>Estrategia 5S La base cultural de la Excelencia Industrial Un programa de seis meses con talleres pr\u00e1cticos, mentor\u00eda y coaching [&hellip;]<\/p>\n","protected":false},"author":1,"featured_media":0,"parent":0,"menu_order":0,"comment_status":"closed","ping_status":"closed","template":"","meta":{"site-sidebar-layout":"no-sidebar","site-content-layout":"","ast-site-content-layout":"full-width-container","site-content-style":"default","site-sidebar-style":"default","ast-global-header-display":"","ast-banner-title-visibility":"","ast-main-header-display":"","ast-hfb-above-header-display":"","ast-hfb-below-header-display":"","ast-hfb-mobile-header-display":"","site-post-title":"disabled","ast-breadcrumbs-content":"","ast-featured-img":"disabled","footer-sml-layout":"","theme-transparent-header-meta":"default","adv-header-id-meta":"","stick-header-meta":"","header-above-stick-meta":"","header-main-stick-meta":"","header-below-stick-meta":"","astra-migrate-meta-layouts":"set","ast-page-background-enabled":"default","ast-page-background-meta":{"desktop":{"background-color":"var(--ast-global-color-5)","background-image":"","background-repeat":"repeat","background-position":"center center","background-size":"auto","background-attachment":"scroll","background-type":"","background-media":"","overlay-type":"","overlay-color":"","overlay-opacity":"","overlay-gradient":""},"tablet":{"background-color":"","background-image":"","background-repeat":"repeat","background-position":"center center","background-size":"auto","background-attachment":"scroll","background-type":"","background-media":"","overlay-type":"","overlay-color":"","overlay-opacity":"","overlay-gradient":""},"mobile":{"background-color":"","background-image":"","background-repeat":"repeat","background-position":"center center","background-size":"auto","background-attachment":"scroll","background-type":"","background-media":"","overlay-type":"","overlay-color":"","overlay-opacity":"","overlay-gradient":""}},"ast-content-background-meta":{"desktop":{"background-color":"var(--ast-global-color-4)","background-image":"","background-repeat":"repeat","background-position":"center center","background-size":"auto","background-attachment":"scroll","background-type":"","background-media":"","overlay-type":"","overlay-color":"","overlay-opacity":"","overlay-gradient":""},"tablet":{"background-color":"var(--ast-global-color-4)","background-image":"","background-repeat":"repeat","background-position":"center center","background-size":"auto","background-attachment":"scroll","background-type":"","background-media":"","overlay-type":"","overlay-color":"","overlay-opacity":"","overlay-gradient":""},"mobile":{"background-color":"var(--ast-global-color-4)","background-image":"","background-repeat":"repeat","background-position":"center center","background-size":"auto","background-attachment":"scroll","background-type":"","background-media":"","overlay-type":"","overlay-color":"","overlay-opacity":"","overlay-gradient":""}},"footnotes":""},"class_list":["post-1452","page","type-page","status-publish","hentry"],"_links":{"self":[{"href":"https:\/\/apsoluti.com.co\/contents\/wp-json\/wp\/v2\/pages\/1452","targetHints":{"allow":["GET"]}}],"collection":[{"href":"https:\/\/apsoluti.com.co\/contents\/wp-json\/wp\/v2\/pages"}],"about":[{"href":"https:\/\/apsoluti.com.co\/contents\/wp-json\/wp\/v2\/types\/page"}],"author":[{"embeddable":true,"href":"https:\/\/apsoluti.com.co\/contents\/wp-json\/wp\/v2\/users\/1"}],"replies":[{"embeddable":true,"href":"https:\/\/apsoluti.com.co\/contents\/wp-json\/wp\/v2\/comments?post=1452"}],"version-history":[{"count":49,"href":"https:\/\/apsoluti.com.co\/contents\/wp-json\/wp\/v2\/pages\/1452\/revisions"}],"predecessor-version":[{"id":1508,"href":"https:\/\/apsoluti.com.co\/contents\/wp-json\/wp\/v2\/pages\/1452\/revisions\/1508"}],"wp:attachment":[{"href":"https:\/\/apsoluti.com.co\/contents\/wp-json\/wp\/v2\/media?parent=1452"}],"curies":[{"name":"wp","href":"https:\/\/api.w.org\/{rel}","templated":true}]}}