{"id":1316,"date":"2025-08-22T06:40:20","date_gmt":"2025-08-22T06:40:20","guid":{"rendered":"https:\/\/apsoluti.com.co\/contents\/?page_id=1316"},"modified":"2025-08-22T07:38:03","modified_gmt":"2025-08-22T07:38:03","slug":"tqc","status":"publish","type":"page","link":"https:\/\/apsoluti.com.co\/contents\/tqc\/","title":{"rendered":"tqc"},"content":{"rendered":"\t\t<div data-elementor-type=\"wp-page\" data-elementor-id=\"1316\" class=\"elementor elementor-1316\">\n\t\t\t\t<div class=\"elementor-element elementor-element-4d0c979 e-flex e-con-boxed e-con e-parent\" data-id=\"4d0c979\" data-element_type=\"container\">\n\t\t\t\t\t<div class=\"e-con-inner\">\n\t\t<div class=\"elementor-element elementor-element-e32cd4b e-con-full e-flex e-con e-child\" data-id=\"e32cd4b\" data-element_type=\"container\">\n\t\t\t\t<\/div>\n\t\t<div class=\"elementor-element elementor-element-0a9ded4 e-con-full e-flex e-con e-child\" data-id=\"0a9ded4\" data-element_type=\"container\">\n\t\t\t\t<div class=\"elementor-element elementor-element-b86af2e elementor-widget elementor-widget-heading\" data-id=\"b86af2e\" data-element_type=\"widget\" data-widget_type=\"heading.default\">\n\t\t\t\t<div class=\"elementor-widget-container\">\n\t\t\t\t\t<h2 class=\"elementor-heading-title elementor-size-default\">TQC nace en occidente y se perfecciona en Jap\u00f3n<\/h2>\t\t\t\t<\/div>\n\t\t\t\t<\/div>\n\t\t\t\t<div class=\"elementor-element elementor-element-631b14a elementor-widget elementor-widget-text-editor\" data-id=\"631b14a\" data-element_type=\"widget\" data-widget_type=\"text-editor.default\">\n\t\t\t\t<div class=\"elementor-widget-container\">\n\t\t\t\t\t\t\t\t\t<p>Este art\u00edculo tiene el prop\u00f3sito de hacer un recorrido en el desarrollo del TQC, desde mi propia vivencia y aprendizaje de los maestros que me ayudaron a comprender el alcance y los beneficios para la sociedad del TQC (Feigenbaum, Ishikawa, Juran, Kano, Fukuda y otros.)\u00a0<\/p>\t\t\t\t\t\t\t\t<\/div>\n\t\t\t\t<\/div>\n\t\t\t\t<div class=\"elementor-element elementor-element-7b9976c elementor-widget elementor-widget-heading\" data-id=\"7b9976c\" data-element_type=\"widget\" data-widget_type=\"heading.default\">\n\t\t\t\t<div class=\"elementor-widget-container\">\n\t\t\t\t\t<h2 class=\"elementor-heading-title elementor-size-default\">Por Humberto Alvarez Laverde<\/h2>\t\t\t\t<\/div>\n\t\t\t\t<\/div>\n\t\t\t\t<\/div>\n\t\t<div class=\"elementor-element elementor-element-65fe511 e-con-full e-flex e-con e-child\" data-id=\"65fe511\" data-element_type=\"container\">\n\t\t\t\t<\/div>\n\t\t\t\t\t<\/div>\n\t\t\t\t<\/div>\n\t\t<div class=\"elementor-element elementor-element-314d699 e-flex e-con-boxed e-con e-parent\" data-id=\"314d699\" data-element_type=\"container\">\n\t\t\t\t\t<div class=\"e-con-inner\">\n\t\t<div class=\"elementor-element elementor-element-72baf7f e-con-full e-flex e-con e-child\" data-id=\"72baf7f\" data-element_type=\"container\">\n\t\t\t\t<\/div>\n\t\t<div class=\"elementor-element elementor-element-da2fdb3 e-con-full e-flex e-con e-child\" data-id=\"da2fdb3\" data-element_type=\"container\">\n\t\t\t\t<div class=\"elementor-element elementor-element-f1000af elementor-widget elementor-widget-image\" data-id=\"f1000af\" data-element_type=\"widget\" data-widget_type=\"image.default\">\n\t\t\t\t<div class=\"elementor-widget-container\">\n\t\t\t\t\t\t\t\t\t\t\t\t\t\t\t<img fetchpriority=\"high\" decoding=\"async\" width=\"918\" height=\"763\" src=\"https:\/\/apsoluti.com.co\/contents\/wp-content\/uploads\/2025\/08\/feigenbaum2.jpg\" class=\"attachment-large size-large wp-image-1320\" alt=\"\" srcset=\"https:\/\/apsoluti.com.co\/contents\/wp-content\/uploads\/2025\/08\/feigenbaum2.jpg 918w, https:\/\/apsoluti.com.co\/contents\/wp-content\/uploads\/2025\/08\/feigenbaum2-300x249.jpg 300w, https:\/\/apsoluti.com.co\/contents\/wp-content\/uploads\/2025\/08\/feigenbaum2-768x638.jpg 768w\" sizes=\"(max-width: 918px) 100vw, 918px\" \/>\t\t\t\t\t\t\t\t\t\t\t\t\t\t\t<\/div>\n\t\t\t\t<\/div>\n\t\t\t\t<\/div>\n\t\t<div class=\"elementor-element elementor-element-02d7215 e-con-full e-flex e-con e-child\" data-id=\"02d7215\" data-element_type=\"container\">\n\t\t\t\t<\/div>\n\t\t<div class=\"elementor-element elementor-element-1436899 e-con-full e-flex e-con e-child\" data-id=\"1436899\" data-element_type=\"container\">\n\t\t\t\t<div class=\"elementor-element elementor-element-0508bc1 elementor-widget elementor-widget-text-editor\" data-id=\"0508bc1\" data-element_type=\"widget\" data-widget_type=\"text-editor.default\">\n\t\t\t\t<div class=\"elementor-widget-container\">\n\t\t\t\t\t\t\t\t\t<p><span class=\"relative -mx-px my-[-0.2rem] rounded px-px py-[0.2rem] transition-colors duration-100 ease-in-out\">Armand V. Feigenbaum introdujo por primera vez el concepto de <strong data-start=\"62\" data-end=\"93\">Total Quality Control (TQC)<\/strong> en su art\u00edculo titulado <em data-start=\"118\" data-end=\"147\">\u201cTQC\u2014Total Quality Control\u201d<\/em>, publicado en la <em data-start=\"165\" data-end=\"190\">Harvard Business Review<\/em> en noviembre de 1956.<\/span> <span class=\"relative -mx-px my-[-0.2rem] rounded px-px py-[0.2rem] transition-colors duration-100 ease-in-out\">Posteriormente, consolid\u00f3 y expandi\u00f3 esta idea en su libro <em data-start=\"59\" data-end=\"82\">Total Quality Control<\/em>, cuya primera edici\u00f3n fue publicada en 1961.<\/span> <span class=\"relative -mx-px my-[-0.2rem] rounded px-px py-[0.2rem] transition-colors duration-100 ease-in-out\">En este libro, Feigenbaum present\u00f3 la calidad como una responsabilidad compartida por toda la organizaci\u00f3n, no solo por el departamento de control de calidad.<\/span> <span class=\"relative -mx-px my-[-0.2rem] rounded px-px py-[0.2rem] transition-colors duration-100 ease-in-out\">Su enfoque integral abogaba por la participaci\u00f3n activa de todos los niveles jer\u00e1rquicos en la mejora continua de la calidad<\/span><\/p>\t\t\t\t\t\t\t\t<\/div>\n\t\t\t\t<\/div>\n\t\t\t\t<\/div>\n\t\t\t\t\t<\/div>\n\t\t\t\t<\/div>\n\t\t<div class=\"elementor-element elementor-element-fd263de e-flex e-con-boxed e-con e-parent\" data-id=\"fd263de\" data-element_type=\"container\">\n\t\t\t\t\t<div class=\"e-con-inner\">\n\t\t<div class=\"elementor-element elementor-element-59b02f4 e-con-full e-flex e-con e-child\" data-id=\"59b02f4\" data-element_type=\"container\">\n\t\t\t\t<\/div>\n\t\t<div class=\"elementor-element elementor-element-1aed457 e-con-full e-flex e-con e-child\" data-id=\"1aed457\" data-element_type=\"container\">\n\t\t\t\t<div class=\"elementor-element elementor-element-20edfea elementor-widget elementor-widget-text-editor\" data-id=\"20edfea\" data-element_type=\"widget\" data-widget_type=\"text-editor.default\">\n\t\t\t\t<div class=\"elementor-widget-container\">\n\t\t\t\t\t\t\t\t\t<p>Feigenbaum introdujo la idea de que la calidad genera valor econ\u00f3mico, vincul\u00e1ndola directamente con la reducci\u00f3n de costos, la satisfacci\u00f3n del cliente y la competitividad empresarial. Adem\u00e1s, enfatiz\u00f3 la importancia de la medici\u00f3n, la estandarizaci\u00f3n y el control en cada proceso, as\u00ed como el papel central de la alta direcci\u00f3n en liderar y sostener una cultura de calidad en la empresa. Su enfoque integral sent\u00f3 las bases para que el TQC se entendiera como un sistema completo, capaz de involucrar a toda la organizaci\u00f3n en la mejora continua.<\/p>\t\t\t\t\t\t\t\t<\/div>\n\t\t\t\t<\/div>\n\t\t\t\t<\/div>\n\t\t<div class=\"elementor-element elementor-element-a93a91d e-con-full e-flex e-con e-child\" data-id=\"a93a91d\" data-element_type=\"container\">\n\t\t\t\t<\/div>\n\t\t\t\t\t<\/div>\n\t\t\t\t<\/div>\n\t\t<div class=\"elementor-element elementor-element-71c94ed e-flex e-con-boxed e-con e-parent\" data-id=\"71c94ed\" data-element_type=\"container\">\n\t\t\t\t\t<div class=\"e-con-inner\">\n\t\t<div class=\"elementor-element elementor-element-3ef06e2 e-con-full e-flex e-con e-child\" data-id=\"3ef06e2\" data-element_type=\"container\">\n\t\t\t\t<\/div>\n\t\t<div class=\"elementor-element elementor-element-6880b64 e-con-full e-flex e-con e-child\" data-id=\"6880b64\" data-element_type=\"container\">\n\t\t\t\t<div class=\"elementor-element elementor-element-dcf6b51 elementor-widget elementor-widget-image\" data-id=\"dcf6b51\" data-element_type=\"widget\" data-widget_type=\"image.default\">\n\t\t\t\t<div class=\"elementor-widget-container\">\n\t\t\t\t\t\t\t\t\t\t\t\t\t\t\t<img decoding=\"async\" width=\"1024\" height=\"618\" src=\"https:\/\/apsoluti.com.co\/contents\/wp-content\/uploads\/2025\/08\/ishikawa2-1024x618.png\" class=\"attachment-large size-large wp-image-1325\" alt=\"\" srcset=\"https:\/\/apsoluti.com.co\/contents\/wp-content\/uploads\/2025\/08\/ishikawa2-1024x618.png 1024w, https:\/\/apsoluti.com.co\/contents\/wp-content\/uploads\/2025\/08\/ishikawa2-300x181.png 300w, https:\/\/apsoluti.com.co\/contents\/wp-content\/uploads\/2025\/08\/ishikawa2-768x464.png 768w, https:\/\/apsoluti.com.co\/contents\/wp-content\/uploads\/2025\/08\/ishikawa2.png 1067w\" sizes=\"(max-width: 1024px) 100vw, 1024px\" \/>\t\t\t\t\t\t\t\t\t\t\t\t\t\t\t<\/div>\n\t\t\t\t<\/div>\n\t\t\t\t<\/div>\n\t\t<div class=\"elementor-element elementor-element-3fd56d1 e-con-full e-flex e-con e-child\" data-id=\"3fd56d1\" data-element_type=\"container\">\n\t\t\t\t<\/div>\n\t\t<div class=\"elementor-element elementor-element-7f44d13 e-con-full e-flex e-con e-child\" data-id=\"7f44d13\" data-element_type=\"container\">\n\t\t\t\t<div class=\"elementor-element elementor-element-0f62149 elementor-widget elementor-widget-text-editor\" data-id=\"0f62149\" data-element_type=\"widget\" data-widget_type=\"text-editor.default\">\n\t\t\t\t<div class=\"elementor-widget-container\">\n\t\t\t\t\t\t\t\t\t<p>Kaoru Ishikawa, por su parte, profundiz\u00f3 en la participaci\u00f3n de todos los niveles de la empresa dentro del TQC, promoviendo la educaci\u00f3n y la capacitaci\u00f3n de los empleados como herramientas fundamentales para lograr la calidad. Fue creador del famoso diagrama de causa-efecto, conocido como diagrama de Ishikawa o espina de pescado, que permite identificar de manera sistem\u00e1tica las causas de los problemas de calidad, facilitando la resoluci\u00f3n de problemas de manera estructurada.<\/p>\t\t\t\t\t\t\t\t<\/div>\n\t\t\t\t<\/div>\n\t\t\t\t<\/div>\n\t\t\t\t\t<\/div>\n\t\t\t\t<\/div>\n\t\t<div class=\"elementor-element elementor-element-5e7b7f9 e-flex e-con-boxed e-con e-parent\" data-id=\"5e7b7f9\" data-element_type=\"container\">\n\t\t\t\t\t<div class=\"e-con-inner\">\n\t\t<div class=\"elementor-element elementor-element-78dc196 e-con-full e-flex e-con e-child\" data-id=\"78dc196\" data-element_type=\"container\">\n\t\t\t\t<\/div>\n\t\t<div class=\"elementor-element elementor-element-d85abdf e-con-full e-flex e-con e-child\" data-id=\"d85abdf\" data-element_type=\"container\">\n\t\t\t\t<div class=\"elementor-element elementor-element-4e19afd elementor-widget elementor-widget-text-editor\" data-id=\"4e19afd\" data-element_type=\"widget\" data-widget_type=\"text-editor.default\">\n\t\t\t\t<div class=\"elementor-widget-container\">\n\t\t\t\t\t\t\t\t\t<p>Ishikawa tambi\u00e9n promovi\u00f3 el uso de <strong>c\u00edrculos de calidad<\/strong>, peque\u00f1os grupos de trabajo formados por operarios y supervisores que se re\u00fanen peri\u00f3dicamente para analizar problemas, proponer mejoras y fomentar la responsabilidad compartida sobre la calidad. Con ello, consolid\u00f3 la idea de que la calidad no solo se alcanza mediante la inspecci\u00f3n final, sino integrando pr\u00e1cticas de mejora continua en cada \u00e1rea de trabajo, involucrando a todos los empleados en la identificaci\u00f3n de problemas y la implementaci\u00f3n de soluciones. Gracias a su enfoque, la calidad se convierte en un compromiso cultural y cotidiano, en el que cada persona en la organizaci\u00f3n asume un rol activo en la mejora de los procesos, los productos y el entorno de trabajo.<\/p>\t\t\t\t\t\t\t\t<\/div>\n\t\t\t\t<\/div>\n\t\t\t\t<\/div>\n\t\t<div class=\"elementor-element elementor-element-ba9e716 e-con-full e-flex e-con e-child\" data-id=\"ba9e716\" data-element_type=\"container\">\n\t\t\t\t<\/div>\n\t\t\t\t\t<\/div>\n\t\t\t\t<\/div>\n\t\t<div class=\"elementor-element elementor-element-aad451f e-flex e-con-boxed e-con e-parent\" data-id=\"aad451f\" data-element_type=\"container\">\n\t\t\t\t\t<div class=\"e-con-inner\">\n\t\t<div class=\"elementor-element elementor-element-9f0ee51 e-con-full e-flex e-con e-child\" data-id=\"9f0ee51\" data-element_type=\"container\">\n\t\t\t\t<\/div>\n\t\t<div class=\"elementor-element elementor-element-892f257 e-con-full e-flex e-con e-child\" data-id=\"892f257\" data-element_type=\"container\">\n\t\t\t\t<div class=\"elementor-element elementor-element-ac82217 elementor-widget elementor-widget-image\" data-id=\"ac82217\" data-element_type=\"widget\" data-widget_type=\"image.default\">\n\t\t\t\t<div class=\"elementor-widget-container\">\n\t\t\t\t\t\t\t\t\t\t\t\t\t\t\t<img decoding=\"async\" width=\"751\" height=\"557\" src=\"https:\/\/apsoluti.com.co\/contents\/wp-content\/uploads\/2025\/08\/juran2.jpg\" class=\"attachment-large size-large wp-image-1330\" alt=\"\" srcset=\"https:\/\/apsoluti.com.co\/contents\/wp-content\/uploads\/2025\/08\/juran2.jpg 751w, https:\/\/apsoluti.com.co\/contents\/wp-content\/uploads\/2025\/08\/juran2-300x223.jpg 300w\" sizes=\"(max-width: 751px) 100vw, 751px\" \/>\t\t\t\t\t\t\t\t\t\t\t\t\t\t\t<\/div>\n\t\t\t\t<\/div>\n\t\t\t\t<\/div>\n\t\t<div class=\"elementor-element elementor-element-d753cfe e-con-full e-flex e-con e-child\" data-id=\"d753cfe\" data-element_type=\"container\">\n\t\t\t\t<\/div>\n\t\t<div class=\"elementor-element elementor-element-0ba6cae e-con-full e-flex e-con e-child\" data-id=\"0ba6cae\" data-element_type=\"container\">\n\t\t\t\t<div class=\"elementor-element elementor-element-39642dc elementor-widget elementor-widget-text-editor\" data-id=\"39642dc\" data-element_type=\"widget\" data-widget_type=\"text-editor.default\">\n\t\t\t\t<div class=\"elementor-widget-container\">\n\t\t\t\t\t\t\t\t\t<p>Joseph M. Juran, finalmente, aport\u00f3 un enfoque estrat\u00e9gico y estructurado al TQC a trav\u00e9s de su trilog\u00eda de calidad: planificaci\u00f3n, control y mejora. Su contribuci\u00f3n fue decisiva para que la calidad dejara de verse como un conjunto de herramientas aisladas y se convirtiera en un proceso integral y sistem\u00e1tico dentro de la organizaci\u00f3n. Juran introdujo el principio de enfocarse en los problemas cr\u00edticos, basado en la regla de Pareto, se\u00f1alando que el 80% de los problemas de calidad provienen de un 20% de las causas, lo que permite priorizar recursos y esfuerzos donde generan el mayor impacto. Adem\u00e1s, destac\u00f3 la importancia de comprender profundamente las necesidades del cliente, estableciendo que la verdadera calidad se mide por la satisfacci\u00f3n del cliente y no solo por la ausencia de defectos.<\/p>\t\t\t\t\t\t\t\t<\/div>\n\t\t\t\t<\/div>\n\t\t\t\t<\/div>\n\t\t\t\t\t<\/div>\n\t\t\t\t<\/div>\n\t\t<div class=\"elementor-element elementor-element-62a97ff e-flex e-con-boxed e-con e-parent\" data-id=\"62a97ff\" data-element_type=\"container\">\n\t\t\t\t\t<div class=\"e-con-inner\">\n\t\t<div class=\"elementor-element elementor-element-626ffe8 e-con-full e-flex e-con e-child\" data-id=\"626ffe8\" data-element_type=\"container\">\n\t\t\t\t<\/div>\n\t\t<div class=\"elementor-element elementor-element-8d04eb1 e-con-full e-flex e-con e-child\" data-id=\"8d04eb1\" data-element_type=\"container\">\n\t\t\t\t<div class=\"elementor-element elementor-element-7406713 elementor-widget elementor-widget-text-editor\" data-id=\"7406713\" data-element_type=\"widget\" data-widget_type=\"text-editor.default\">\n\t\t\t\t<div class=\"elementor-widget-container\">\n\t\t\t\t\t\t\t\t\t<p>Juran tambi\u00e9n subray\u00f3 que la capacitaci\u00f3n, la motivaci\u00f3n y la participaci\u00f3n activa de los empleados en todos los niveles son esenciales para lograr mejoras sostenibles y continuas. Su visi\u00f3n permiti\u00f3 que el TQC se consolidara como un enfoque estrat\u00e9gico de gesti\u00f3n, integrando planificaci\u00f3n, control y mejora de manera sistem\u00e1tica, generando valor tangible para la empresa y fomentando una cultura organizacional orientada a la excelencia y la mejora continua.<\/p>\t\t\t\t\t\t\t\t<\/div>\n\t\t\t\t<\/div>\n\t\t\t\t<\/div>\n\t\t<div class=\"elementor-element elementor-element-023d7df e-con-full e-flex e-con e-child\" data-id=\"023d7df\" data-element_type=\"container\">\n\t\t\t\t<\/div>\n\t\t\t\t\t<\/div>\n\t\t\t\t<\/div>\n\t\t<div class=\"elementor-element elementor-element-a125718 e-flex e-con-boxed e-con e-parent\" data-id=\"a125718\" data-element_type=\"container\">\n\t\t\t\t\t<div class=\"e-con-inner\">\n\t\t<div class=\"elementor-element elementor-element-5d66237 e-con-full e-flex e-con e-child\" data-id=\"5d66237\" data-element_type=\"container\">\n\t\t\t\t<\/div>\n\t\t<div class=\"elementor-element elementor-element-1cc08bc e-con-full e-flex e-con e-child\" data-id=\"1cc08bc\" data-element_type=\"container\">\n\t\t\t\t<div class=\"elementor-element elementor-element-afc9560 elementor-widget elementor-widget-heading\" data-id=\"afc9560\" data-element_type=\"widget\" data-widget_type=\"heading.default\">\n\t\t\t\t<div class=\"elementor-widget-container\">\n\t\t\t\t\t<h2 class=\"elementor-heading-title elementor-size-default\">Noriaki Kano <\/h2>\t\t\t\t<\/div>\n\t\t\t\t<\/div>\n\t\t\t\t<div class=\"elementor-element elementor-element-188a135 elementor-widget elementor-widget-text-editor\" data-id=\"188a135\" data-element_type=\"widget\" data-widget_type=\"text-editor.default\">\n\t\t\t\t<div class=\"elementor-widget-container\">\n\t\t\t\t\t\t\t\t\tKano, heredero del pensamiento de Ishikawa, continu\u00f3 la evoluci\u00f3n del TQC incorporando enfoques estrat\u00e9gicos de gesti\u00f3n que fortalecieron su alcance organizacional. Promovi\u00f3 la implementaci\u00f3n del Hoshin Kanri, una metodolog\u00eda que permite desplegar los objetivos estrat\u00e9gicos de la empresa de manera alineada en todos los niveles, asegurando que la mejora de la calidad est\u00e9 conectada con la visi\u00f3n y metas corporativas. <br><br>Adem\u00e1s, impuls\u00f3 el Cross-Functional Management, fomentando la colaboraci\u00f3n entre departamentos y funciones para gestionar los procesos de calidad y mejora continua de manera integrada y transversal. Kano introdujo estas metodolog\u00edas en Estados Unidos, en empresas como Florida Power and Light y Hewlett-Packard, lo que permiti\u00f3 que el Hoshin Kanri se difundiera a nivel global. <br><br>Asimismo, consolid\u00f3 la incorporaci\u00f3n de la voz del cliente (VOC) como elemento esencial del TQC, logrando que este enfoque trascendiera la manufactura y se aplicara en empresas de servicios como hospitales, hoteles y bancos, orientando la gesti\u00f3n de la calidad hacia la satisfacci\u00f3n del cliente y la creaci\u00f3n de valor en todos los procesos.\t\t\t\t\t\t\t\t<\/div>\n\t\t\t\t<\/div>\n\t\t\t\t<\/div>\n\t\t<div class=\"elementor-element elementor-element-219238c e-con-full e-flex e-con e-child\" data-id=\"219238c\" data-element_type=\"container\">\n\t\t\t\t<\/div>\n\t\t\t\t\t<\/div>\n\t\t\t\t<\/div>\n\t\t<div class=\"elementor-element elementor-element-4573653 e-flex e-con-boxed e-con e-parent\" data-id=\"4573653\" data-element_type=\"container\">\n\t\t\t\t\t<div class=\"e-con-inner\">\n\t\t<div class=\"elementor-element elementor-element-500c8c6 e-con-full e-flex e-con e-child\" data-id=\"500c8c6\" data-element_type=\"container\">\n\t\t\t\t<\/div>\n\t\t<div class=\"elementor-element elementor-element-4a44acb e-con-full e-flex e-con e-child\" data-id=\"4a44acb\" data-element_type=\"container\">\n\t\t\t\t<div class=\"elementor-element elementor-element-477964b elementor-widget elementor-widget-heading\" data-id=\"477964b\" data-element_type=\"widget\" data-widget_type=\"heading.default\">\n\t\t\t\t<div class=\"elementor-widget-container\">\n\t\t\t\t\t<h2 class=\"elementor-heading-title elementor-size-default\">Mi punto de vista<\/h2>\t\t\t\t<\/div>\n\t\t\t\t<\/div>\n\t\t\t\t<div class=\"elementor-element elementor-element-6ea0c6c elementor-widget elementor-widget-text-editor\" data-id=\"6ea0c6c\" data-element_type=\"widget\" data-widget_type=\"text-editor.default\">\n\t\t\t\t<div class=\"elementor-widget-container\">\n\t\t\t\t\t\t\t\t\t<p>Han pasado casi cinco d\u00e9cadas desde que inici\u00e9 mi camino en la calidad, con una visi\u00f3n empresarial, estrat\u00e9gica y competitiva. Sin embargo, debo confesar que hace m\u00e1s de 25 a\u00f1os decid\u00ed, con cierto pesar, alejarme de la l\u00ednea de la calidad como sistema de gesti\u00f3n y seguir mi segunda pasi\u00f3n: el TPM. En esa \u00e9poca, la llamada \u201cISOman\u00eda\u201d comenz\u00f3 a reemplazar la cultura profunda de la calidad como valor organizacional por un enfoque m\u00e1s artificial, basado en papeles y documentos, en una etapa previa a la digitalizaci\u00f3n. El \u00e9nfasis se desplaz\u00f3 hacia una estandarizaci\u00f3n pesada y compleja, dise\u00f1ada principalmente para ser presentada ante las entidades auditoras que hab\u00edan florecido con el negocio de la certificaci\u00f3n. Su principal preocupaci\u00f3n era obtener el diploma y colocarlo en la pared de la entrada de la compa\u00f1\u00eda, mientras que, en el interior, los sistemas de calidad estaban en desorden y la participaci\u00f3n de los empleados era m\u00ednima. Creo que Jap\u00f3n supo mantener su camino hacia el valor profundo de la calidad, interiorizada en la persona, y esto se evidencia cada vez que visitamos el pa\u00eds y usamos sus sistemas de servicios y productos. Sin embargo, supieron adaptarse a la ISOman\u00eda debido a la necesidad de mantener sus relaciones comerciales con los clientes de Occidente. Puede ser ahora una oportunidad de volver a rescatar la idea original del TQC donde la calidad y el servicio se constituyen como uno de los valores m\u00e1s profundos de una organizaci\u00f3n y una sociedad.&nbsp;<\/p>\t\t\t\t\t\t\t\t<\/div>\n\t\t\t\t<\/div>\n\t\t\t\t<\/div>\n\t\t<div class=\"elementor-element elementor-element-ccfb8dc e-con-full e-flex e-con e-child\" data-id=\"ccfb8dc\" data-element_type=\"container\">\n\t\t\t\t<\/div>\n\t\t\t\t\t<\/div>\n\t\t\t\t<\/div>\n\t\t<div class=\"elementor-element elementor-element-cf6c0fd e-flex e-con-boxed e-con e-parent\" data-id=\"cf6c0fd\" data-element_type=\"container\">\n\t\t\t\t\t<div class=\"e-con-inner\">\n\t\t<div class=\"elementor-element elementor-element-93466c7 e-con-full e-flex e-con e-child\" data-id=\"93466c7\" data-element_type=\"container\">\n\t\t\t\t<\/div>\n\t\t<div class=\"elementor-element elementor-element-4feeb82 e-con-full e-flex e-con e-child\" data-id=\"4feeb82\" data-element_type=\"container\">\n\t\t\t\t<\/div>\n\t\t<div class=\"elementor-element elementor-element-63e6eb7 e-con-full e-flex e-con e-child\" data-id=\"63e6eb7\" data-element_type=\"container\">\n\t\t\t\t<\/div>\n\t\t<div class=\"elementor-element elementor-element-efd86d8 e-con-full e-flex e-con e-child\" data-id=\"efd86d8\" data-element_type=\"container\">\n\t\t\t\t<\/div>\n\t\t\t\t\t<\/div>\n\t\t\t\t<\/div>\n\t\t\t\t<\/div>\n\t\t","protected":false},"excerpt":{"rendered":"<p>TQC nace en occidente y se perfecciona en Jap\u00f3n Este art\u00edculo tiene el prop\u00f3sito de hacer un recorrido en el [&hellip;]<\/p>\n","protected":false},"author":1,"featured_media":0,"parent":0,"menu_order":0,"comment_status":"closed","ping_status":"closed","template":"","meta":{"site-sidebar-layout":"no-sidebar","site-content-layout":"","ast-site-content-layout":"full-width-container","site-content-style":"default","site-sidebar-style":"default","ast-global-header-display":"","ast-banner-title-visibility":"","ast-main-header-display":"","ast-hfb-above-header-display":"","ast-hfb-below-header-display":"","ast-hfb-mobile-header-display":"","site-post-title":"disabled","ast-breadcrumbs-content":"","ast-featured-img":"disabled","footer-sml-layout":"","theme-transparent-header-meta":"default","adv-header-id-meta":"","stick-header-meta":"","header-above-stick-meta":"","header-main-stick-meta":"","header-below-stick-meta":"","astra-migrate-meta-layouts":"set","ast-page-background-enabled":"default","ast-page-background-meta":{"desktop":{"background-color":"var(--ast-global-color-5)","background-image":"","background-repeat":"repeat","background-position":"center center","background-size":"auto","background-attachment":"scroll","background-type":"","background-media":"","overlay-type":"","overlay-color":"","overlay-opacity":"","overlay-gradient":""},"tablet":{"background-color":"","background-image":"","background-repeat":"repeat","background-position":"center center","background-size":"auto","background-attachment":"scroll","background-type":"","background-media":"","overlay-type":"","overlay-color":"","overlay-opacity":"","overlay-gradient":""},"mobile":{"background-color":"","background-image":"","background-repeat":"repeat","background-position":"center center","background-size":"auto","background-attachment":"scroll","background-type":"","background-media":"","overlay-type":"","overlay-color":"","overlay-opacity":"","overlay-gradient":""}},"ast-content-background-meta":{"desktop":{"background-color":"var(--ast-global-color-4)","background-image":"","background-repeat":"repeat","background-position":"center center","background-size":"auto","background-attachment":"scroll","background-type":"","background-media":"","overlay-type":"","overlay-color":"","overlay-opacity":"","overlay-gradient":""},"tablet":{"background-color":"var(--ast-global-color-4)","background-image":"","background-repeat":"repeat","background-position":"center center","background-size":"auto","background-attachment":"scroll","background-type":"","background-media":"","overlay-type":"","overlay-color":"","overlay-opacity":"","overlay-gradient":""},"mobile":{"background-color":"var(--ast-global-color-4)","background-image":"","background-repeat":"repeat","background-position":"center center","background-size":"auto","background-attachment":"scroll","background-type":"","background-media":"","overlay-type":"","overlay-color":"","overlay-opacity":"","overlay-gradient":""}},"footnotes":""},"class_list":["post-1316","page","type-page","status-publish","hentry"],"_links":{"self":[{"href":"https:\/\/apsoluti.com.co\/contents\/wp-json\/wp\/v2\/pages\/1316","targetHints":{"allow":["GET"]}}],"collection":[{"href":"https:\/\/apsoluti.com.co\/contents\/wp-json\/wp\/v2\/pages"}],"about":[{"href":"https:\/\/apsoluti.com.co\/contents\/wp-json\/wp\/v2\/types\/page"}],"author":[{"embeddable":true,"href":"https:\/\/apsoluti.com.co\/contents\/wp-json\/wp\/v2\/users\/1"}],"replies":[{"embeddable":true,"href":"https:\/\/apsoluti.com.co\/contents\/wp-json\/wp\/v2\/comments?post=1316"}],"version-history":[{"count":33,"href":"https:\/\/apsoluti.com.co\/contents\/wp-json\/wp\/v2\/pages\/1316\/revisions"}],"predecessor-version":[{"id":1357,"href":"https:\/\/apsoluti.com.co\/contents\/wp-json\/wp\/v2\/pages\/1316\/revisions\/1357"}],"wp:attachment":[{"href":"https:\/\/apsoluti.com.co\/contents\/wp-json\/wp\/v2\/media?parent=1316"}],"curies":[{"name":"wp","href":"https:\/\/api.w.org\/{rel}","templated":true}]}}