{"id":1075,"date":"2025-07-22T09:27:18","date_gmt":"2025-07-22T09:27:18","guid":{"rendered":"https:\/\/apsoluti.com.co\/contents\/?page_id=1075"},"modified":"2025-07-28T15:41:59","modified_gmt":"2025-07-28T15:41:59","slug":"estrategia_operaciones","status":"publish","type":"page","link":"https:\/\/apsoluti.com.co\/contents\/estrategia_operaciones\/","title":{"rendered":"estrategia_operaciones"},"content":{"rendered":"\t\t<div data-elementor-type=\"wp-page\" data-elementor-id=\"1075\" class=\"elementor elementor-1075\">\n\t\t\t\t<div class=\"elementor-element elementor-element-1b55d8d e-flex e-con-boxed e-con e-parent\" data-id=\"1b55d8d\" data-element_type=\"container\" data-settings=\"{&quot;background_background&quot;:&quot;classic&quot;}\">\n\t\t\t\t\t<div class=\"e-con-inner\">\n\t\t<div class=\"elementor-element elementor-element-eb927bb e-con-full e-flex e-con e-child\" data-id=\"eb927bb\" data-element_type=\"container\">\n\t\t\t\t<\/div>\n\t\t<div class=\"elementor-element elementor-element-b2e2808 e-con-full e-flex e-con e-child\" data-id=\"b2e2808\" data-element_type=\"container\">\n\t\t\t\t<div class=\"elementor-element elementor-element-1bde112 elementor-widget elementor-widget-heading\" data-id=\"1bde112\" data-element_type=\"widget\" data-widget_type=\"heading.default\">\n\t\t\t\t<div class=\"elementor-widget-container\">\n\t\t\t\t\t<h2 class=\"elementor-heading-title elementor-size-default\">Reinventar la estrategia de Operaciones<\/h2>\t\t\t\t<\/div>\n\t\t\t\t<\/div>\n\t\t\t\t<div class=\"elementor-element elementor-element-3ec0edd elementor-widget elementor-widget-heading\" data-id=\"3ec0edd\" data-element_type=\"widget\" data-widget_type=\"heading.default\">\n\t\t\t\t<div class=\"elementor-widget-container\">\n\t\t\t\t\t<h2 class=\"elementor-heading-title elementor-size-default\">\u00bfSu modelo operativo sigue siendo competitivo frente a las nuevas exigencias del entorno?<\/h2>\t\t\t\t<\/div>\n\t\t\t\t<\/div>\n\t\t\t\t<\/div>\n\t\t<div class=\"elementor-element elementor-element-15bc8a9 e-con-full e-flex e-con e-child\" data-id=\"15bc8a9\" data-element_type=\"container\">\n\t\t\t\t<\/div>\n\t\t<div class=\"elementor-element elementor-element-6242238 e-con-full e-flex e-con e-child\" data-id=\"6242238\" data-element_type=\"container\">\n\t\t\t\t<\/div>\n\t\t\t\t\t<\/div>\n\t\t\t\t<\/div>\n\t\t<div class=\"elementor-element elementor-element-ae3134b e-flex e-con-boxed e-con e-parent\" data-id=\"ae3134b\" data-element_type=\"container\">\n\t\t\t\t\t<div class=\"e-con-inner\">\n\t\t<div class=\"elementor-element elementor-element-71c93d6 e-con-full e-flex e-con e-child\" data-id=\"71c93d6\" data-element_type=\"container\">\n\t\t\t\t<\/div>\n\t\t<div class=\"elementor-element elementor-element-ceee762 e-con-full e-flex e-con e-child\" data-id=\"ceee762\" data-element_type=\"container\">\n\t\t\t\t<div class=\"elementor-element elementor-element-12b9bf5 elementor-widget elementor-widget-heading\" data-id=\"12b9bf5\" data-element_type=\"widget\" data-widget_type=\"heading.default\">\n\t\t\t\t<div class=\"elementor-widget-container\">\n\t\t\t\t\t<h2 class=\"elementor-heading-title elementor-size-default\">Workshop para Directivos Industriales<\/h2>\t\t\t\t<\/div>\n\t\t\t\t<\/div>\n\t\t\t\t<div class=\"elementor-element elementor-element-6870f02 elementor-widget elementor-widget-text-editor\" data-id=\"6870f02\" data-element_type=\"widget\" data-widget_type=\"text-editor.default\">\n\t\t\t\t<div class=\"elementor-widget-container\">\n\t\t\t\t\t\t\t\t\t<p data-start=\"881\" data-end=\"1355\">Programa intensivo de reflexi\u00f3n y creaci\u00f3n, dirigida personalmente por un experto internacional, en la que se combinan an\u00e1lisis estrat\u00e9gico, reflexi\u00f3n t\u00e9cnica y construcci\u00f3n pr\u00e1ctica de una hoja de ruta adaptada a su realidad operativa. Ideal para l\u00edderes de planta, responsables de operaciones, ingenier\u00eda y mantenimiento que necesitan anticiparse, innovar y ejecutar con claridad.<\/p>\t\t\t\t\t\t\t\t<\/div>\n\t\t\t\t<\/div>\n\t\t\t\t<div class=\"elementor-element elementor-element-97e321a elementor-widget elementor-widget-heading\" data-id=\"97e321a\" data-element_type=\"widget\" data-widget_type=\"heading.default\">\n\t\t\t\t<div class=\"elementor-widget-container\">\n\t\t\t\t\t<h2 class=\"elementor-heading-title elementor-size-default\">Es tiempo de cambio<\/h2>\t\t\t\t<\/div>\n\t\t\t\t<\/div>\n\t\t\t\t<div class=\"elementor-element elementor-element-ee6e1c8 elementor-widget elementor-widget-text-editor\" data-id=\"ee6e1c8\" data-element_type=\"widget\" data-widget_type=\"text-editor.default\">\n\t\t\t\t<div class=\"elementor-widget-container\">\n\t\t\t\t\t\t\t\t\t<p>Muchas organizaciones contin\u00faan operando con esquemas dise\u00f1ados para realidades que ya no existen. La presi\u00f3n por costos, la digitalizaci\u00f3n acelerada, la escasez de talento t\u00e9cnico y la necesidad de resiliencia han transformado radicalmente el juego. La estrategia de operaciones no puede quedarse atr\u00e1s.<\/p>\t\t\t\t\t\t\t\t<\/div>\n\t\t\t\t<\/div>\n\t\t\t\t<div class=\"elementor-element elementor-element-b272e37 elementor-widget elementor-widget-heading\" data-id=\"b272e37\" data-element_type=\"widget\" data-widget_type=\"heading.default\">\n\t\t\t\t<div class=\"elementor-widget-container\">\n\t\t\t\t\t<h2 class=\"elementor-heading-title elementor-size-default\">Dirigido a l\u00edderes que no esperan el cambio: lo construyen<\/h2>\t\t\t\t<\/div>\n\t\t\t\t<\/div>\n\t\t\t\t<div class=\"elementor-element elementor-element-50ac2e2 elementor-widget elementor-widget-text-editor\" data-id=\"50ac2e2\" data-element_type=\"widget\" data-widget_type=\"text-editor.default\">\n\t\t\t\t<div class=\"elementor-widget-container\">\n\t\t\t\t\t\t\t\t\t<p>Este no es un curso m\u00e1s. Es una sesi\u00f3n estrat\u00e9gica que combina visi\u00f3n, m\u00e9todo y foco en resultados. Si su organizaci\u00f3n necesita actualizar su modelo operativo, este workshop es el punto de partida m\u00e1s eficaz<\/p>\t\t\t\t\t\t\t\t<\/div>\n\t\t\t\t<\/div>\n\t\t\t\t<div class=\"elementor-element elementor-element-0c219a4 elementor-widget elementor-widget-heading\" data-id=\"0c219a4\" data-element_type=\"widget\" data-widget_type=\"heading.default\">\n\t\t\t\t<div class=\"elementor-widget-container\">\n\t\t\t\t\t<h2 class=\"elementor-heading-title elementor-size-default\">Lo que obtendr\u00e1s del Workshop<\/h2>\t\t\t\t<\/div>\n\t\t\t\t<\/div>\n\t\t\t\t<div class=\"elementor-element elementor-element-f4d4a28 elementor-icon-list--layout-traditional elementor-list-item-link-full_width elementor-widget elementor-widget-icon-list\" data-id=\"f4d4a28\" data-element_type=\"widget\" data-widget_type=\"icon-list.default\">\n\t\t\t\t<div class=\"elementor-widget-container\">\n\t\t\t\t\t\t\t<ul class=\"elementor-icon-list-items\">\n\t\t\t\t\t\t\t<li class=\"elementor-icon-list-item\">\n\t\t\t\t\t\t\t\t\t\t\t<span class=\"elementor-icon-list-icon\">\n\t\t\t\t\t\t\t<svg aria-hidden=\"true\" class=\"e-font-icon-svg e-fas-chevron-circle-right\" viewBox=\"0 0 512 512\" xmlns=\"http:\/\/www.w3.org\/2000\/svg\"><path d=\"M256 8c137 0 248 111 248 248S393 504 256 504 8 393 8 256 119 8 256 8zm113.9 231L234.4 103.5c-9.4-9.4-24.6-9.4-33.9 0l-17 17c-9.4 9.4-9.4 24.6 0 33.9L285.1 256 183.5 357.6c-9.4 9.4-9.4 24.6 0 33.9l17 17c9.4 9.4 24.6 9.4 33.9 0L369.9 273c9.4-9.4 9.4-24.6 0-34z\"><\/path><\/svg>\t\t\t\t\t\t<\/span>\n\t\t\t\t\t\t\t\t\t\t<span class=\"elementor-icon-list-text\"><b>Diagn\u00f3stico estrat\u00e9gico del modelo actual de operaciones.<\/b> Partimos de una evaluaci\u00f3n cr\u00edtica de la situaci\u00f3n real: capacidades, cuellos de botella, nivel de integraci\u00f3n tecnol\u00f3gica y alineaci\u00f3n con los objetivos de negocio. No se trata solo de eficiencia, sino de agilidad, confiabilidad y valor.<\/span>\n\t\t\t\t\t\t\t\t\t<\/li>\n\t\t\t\t\t\t\t\t<li class=\"elementor-icon-list-item\">\n\t\t\t\t\t\t\t\t\t\t\t<span class=\"elementor-icon-list-icon\">\n\t\t\t\t\t\t\t<svg aria-hidden=\"true\" class=\"e-font-icon-svg e-fas-chevron-circle-right\" viewBox=\"0 0 512 512\" xmlns=\"http:\/\/www.w3.org\/2000\/svg\"><path d=\"M256 8c137 0 248 111 248 248S393 504 256 504 8 393 8 256 119 8 256 8zm113.9 231L234.4 103.5c-9.4-9.4-24.6-9.4-33.9 0l-17 17c-9.4 9.4-9.4 24.6 0 33.9L285.1 256 183.5 357.6c-9.4 9.4-9.4 24.6 0 33.9l17 17c9.4 9.4 24.6 9.4 33.9 0L369.9 273c9.4-9.4 9.4-24.6 0-34z\"><\/path><\/svg>\t\t\t\t\t\t<\/span>\n\t\t\t\t\t\t\t\t\t\t<span class=\"elementor-icon-list-text\"><b>Tendencias internacionales que est\u00e1n redefiniendo las operaciones<\/b>.  Se analizar\u00e1n marcos y modelos que marcan el nuevo est\u00e1ndar en la gesti\u00f3n operativa: producci\u00f3n \u00e1gil, mantenimiento inteligente, automatizaci\u00f3n con prop\u00f3sito, integraci\u00f3n digital y nuevos modelos organizativos. Una visi\u00f3n clara de hacia d\u00f3nde van las empresas l\u00edderes.<\/span>\n\t\t\t\t\t\t\t\t\t<\/li>\n\t\t\t\t\t\t\t\t<li class=\"elementor-icon-list-item\">\n\t\t\t\t\t\t\t\t\t\t\t<span class=\"elementor-icon-list-icon\">\n\t\t\t\t\t\t\t<svg aria-hidden=\"true\" class=\"e-font-icon-svg e-fas-chevron-circle-right\" viewBox=\"0 0 512 512\" xmlns=\"http:\/\/www.w3.org\/2000\/svg\"><path d=\"M256 8c137 0 248 111 248 248S393 504 256 504 8 393 8 256 119 8 256 8zm113.9 231L234.4 103.5c-9.4-9.4-24.6-9.4-33.9 0l-17 17c-9.4 9.4-9.4 24.6 0 33.9L285.1 256 183.5 357.6c-9.4 9.4-9.4 24.6 0 33.9l17 17c9.4 9.4 24.6 9.4 33.9 0L369.9 273c9.4-9.4 9.4-24.6 0-34z\"><\/path><\/svg>\t\t\t\t\t\t<\/span>\n\t\t\t\t\t\t\t\t\t\t<span class=\"elementor-icon-list-text\"><b>Redise\u00f1o del modelo operativo y organizativo.<\/b> Guiamos a los equipos en el redise\u00f1o de procesos clave, estructuras funcionales, indicadores de control y esquemas de coordinaci\u00f3n. Todo alineado con los desaf\u00edos actuales del entorno industrial: flexibilidad, tiempo de respuesta, uso inteligente de tecnolog\u00eda y desarrollo de capacidades internas.<\/span>\n\t\t\t\t\t\t\t\t\t<\/li>\n\t\t\t\t\t\t\t\t<li class=\"elementor-icon-list-item\">\n\t\t\t\t\t\t\t\t\t\t\t<span class=\"elementor-icon-list-icon\">\n\t\t\t\t\t\t\t<svg aria-hidden=\"true\" class=\"e-font-icon-svg e-fas-chevron-circle-right\" viewBox=\"0 0 512 512\" xmlns=\"http:\/\/www.w3.org\/2000\/svg\"><path d=\"M256 8c137 0 248 111 248 248S393 504 256 504 8 393 8 256 119 8 256 8zm113.9 231L234.4 103.5c-9.4-9.4-24.6-9.4-33.9 0l-17 17c-9.4 9.4-9.4 24.6 0 33.9L285.1 256 183.5 357.6c-9.4 9.4-9.4 24.6 0 33.9l17 17c9.4 9.4 24.6 9.4 33.9 0L369.9 273c9.4-9.4 9.4-24.6 0-34z\"><\/path><\/svg>\t\t\t\t\t\t<\/span>\n\t\t\t\t\t\t\t\t\t\t<span class=\"elementor-icon-list-text\"><b>Construcci\u00f3n de una hoja de ruta estrat\u00e9gica viable y accionable.<\/b> Se define un plan de implementaci\u00f3n realista, adaptado a su contexto. Acciones priorizadas, responsables claros, tiempos definidos y criterios de \u00e9xito. La estrategia no queda en el papel, se transforma en ejecuci\u00f3n.<\/span>\n\t\t\t\t\t\t\t\t\t<\/li>\n\t\t\t\t\t\t<\/ul>\n\t\t\t\t\t\t<\/div>\n\t\t\t\t<\/div>\n\t\t\t\t<div class=\"elementor-element elementor-element-4ce4769 elementor-widget elementor-widget-heading\" data-id=\"4ce4769\" data-element_type=\"widget\" data-widget_type=\"heading.default\">\n\t\t\t\t<div class=\"elementor-widget-container\">\n\t\t\t\t\t<h2 class=\"elementor-heading-title elementor-size-default\">Facilitador<\/h2>\t\t\t\t<\/div>\n\t\t\t\t<\/div>\n\t\t\t\t<div class=\"elementor-element elementor-element-b4996a9 elementor-widget elementor-widget-heading\" data-id=\"b4996a9\" data-element_type=\"widget\" data-widget_type=\"heading.default\">\n\t\t\t\t<div class=\"elementor-widget-container\">\n\t\t\t\t\t<h2 class=\"elementor-heading-title elementor-size-default\">Sr. Humberto Alvarez Laverde<\/h2>\t\t\t\t<\/div>\n\t\t\t\t<\/div>\n\t\t\t\t<div class=\"elementor-element elementor-element-586e01d elementor-widget elementor-widget-text-editor\" data-id=\"586e01d\" data-element_type=\"widget\" data-widget_type=\"text-editor.default\">\n\t\t\t\t<div class=\"elementor-widget-container\">\n\t\t\t\t\t\t\t\t\t<ul><li>Ingeniero Mec\u00e1nico por la Universidad Nacional de Colombia. MBA por el IESE Business School.<\/li><li>Formado en Direcci\u00f3n Industrial en Tokyo University (anterior Musashi Institute of Technology).<\/li><li>Recibi\u00f3 entrenamiento en las siguientes firmas de primer nivel en Jap\u00f3n: National Panasonic, Okuma Machinery, Sumitomo Electric, Nissan Motor, Kawasaki Steel Works, Rythm Watch y JIS.<\/li><li>Formado en los Sistemas Toyota de Producci\u00f3n y Kawasaki Production System en su trabajo consultor profesional senior de la divisi\u00f3n europea de Price Waterhouse.<\/li><li>Formado en Direcci\u00f3n Estrat\u00e9gica de Operaciones en el programa GOAL\/QPC-Harvard Business School en Boston.<\/li><li>Ha sido profesor de estrategia en varias best business schools e Europa y LATAM.<\/li><li>Dilatada experiencia acompa\u00f1ando corporaciones en el desarrollo de proyectos industriales, promoviendo la transformaci\u00f3n de cultura de trabajo y desarrollando equipos directivos.<\/li><\/ul>\t\t\t\t\t\t\t\t<\/div>\n\t\t\t\t<\/div>\n\t\t\t\t<\/div>\n\t\t<div class=\"elementor-element elementor-element-11c6db5 e-con-full e-flex e-con e-child\" data-id=\"11c6db5\" data-element_type=\"container\">\n\t\t\t\t<\/div>\n\t\t\t\t\t<\/div>\n\t\t\t\t<\/div>\n\t\t<div class=\"elementor-element elementor-element-ea8d497 e-flex e-con-boxed e-con e-parent\" data-id=\"ea8d497\" data-element_type=\"container\">\n\t\t\t\t\t<div class=\"e-con-inner\">\n\t\t<div class=\"elementor-element elementor-element-e3463d8 e-con-full e-flex e-con e-child\" data-id=\"e3463d8\" data-element_type=\"container\">\n\t\t\t\t<\/div>\n\t\t<div class=\"elementor-element elementor-element-c07cc79 e-con-full e-flex e-con e-child\" data-id=\"c07cc79\" data-element_type=\"container\">\n\t\t\t\t<div class=\"elementor-element elementor-element-b4349f3 elementor-align-center elementor-widget elementor-widget-button\" data-id=\"b4349f3\" data-element_type=\"widget\" data-widget_type=\"button.default\">\n\t\t\t\t<div class=\"elementor-widget-container\">\n\t\t\t\t\t\t\t\t\t<div class=\"elementor-button-wrapper\">\n\t\t\t\t\t<a class=\"elementor-button elementor-button-link elementor-size-sm\" href=\"https:\/\/academia-tpm.com\/plataforma\/contactos_apsoluti\/\" target=\"_blank\" rel=\"noopener\">\n\t\t\t\t\t\t<span class=\"elementor-button-content-wrapper\">\n\t\t\t\t\t\t\t\t\t<span class=\"elementor-button-text\">Cons\u00faltenos para m\u00e1s informaci\u00f3n ...<\/span>\n\t\t\t\t\t<\/span>\n\t\t\t\t\t<\/a>\n\t\t\t\t<\/div>\n\t\t\t\t\t\t\t\t<\/div>\n\t\t\t\t<\/div>\n\t\t\t\t<\/div>\n\t\t<div class=\"elementor-element elementor-element-a4663d0 e-con-full e-flex e-con e-child\" data-id=\"a4663d0\" data-element_type=\"container\">\n\t\t\t\t<\/div>\n\t\t\t\t\t<\/div>\n\t\t\t\t<\/div>\n\t\t<div class=\"elementor-element elementor-element-2636125 e-flex e-con-boxed e-con e-parent\" data-id=\"2636125\" data-element_type=\"container\">\n\t\t\t\t\t<div class=\"e-con-inner\">\n\t\t<div class=\"elementor-element elementor-element-d8408da e-con-full e-flex e-con e-child\" data-id=\"d8408da\" data-element_type=\"container\">\n\t\t\t\t<\/div>\n\t\t<div class=\"elementor-element elementor-element-977c4ad e-con-full e-flex e-con e-child\" data-id=\"977c4ad\" data-element_type=\"container\">\n\t\t\t\t<\/div>\n\t\t<div class=\"elementor-element elementor-element-0e58be8 e-con-full e-flex e-con e-child\" data-id=\"0e58be8\" data-element_type=\"container\">\n\t\t\t\t<\/div>\n\t\t<div class=\"elementor-element elementor-element-01c86b3 e-con-full e-flex e-con e-child\" data-id=\"01c86b3\" data-element_type=\"container\">\n\t\t\t\t<\/div>\n\t\t\t\t\t<\/div>\n\t\t\t\t<\/div>\n\t\t\t\t<\/div>\n\t\t","protected":false},"excerpt":{"rendered":"<p>Reinventar la estrategia de Operaciones \u00bfSu modelo operativo sigue siendo competitivo frente a las nuevas exigencias del entorno? Workshop para [&hellip;]<\/p>\n","protected":false},"author":1,"featured_media":0,"parent":0,"menu_order":0,"comment_status":"closed","ping_status":"closed","template":"","meta":{"site-sidebar-layout":"no-sidebar","site-content-layout":"","ast-site-content-layout":"full-width-container","site-content-style":"default","site-sidebar-style":"default","ast-global-header-display":"","ast-banner-title-visibility":"","ast-main-header-display":"","ast-hfb-above-header-display":"","ast-hfb-below-header-display":"","ast-hfb-mobile-header-display":"","site-post-title":"disabled","ast-breadcrumbs-content":"","ast-featured-img":"disabled","footer-sml-layout":"","theme-transparent-header-meta":"default","adv-header-id-meta":"","stick-header-meta":"","header-above-stick-meta":"","header-main-stick-meta":"","header-below-stick-meta":"","astra-migrate-meta-layouts":"set","ast-page-background-enabled":"default","ast-page-background-meta":{"desktop":{"background-color":"var(--ast-global-color-5)","background-image":"","background-repeat":"repeat","background-position":"center center","background-size":"auto","background-attachment":"scroll","background-type":"","background-media":"","overlay-type":"","overlay-color":"","overlay-opacity":"","overlay-gradient":""},"tablet":{"background-color":"","background-image":"","background-repeat":"repeat","background-position":"center center","background-size":"auto","background-attachment":"scroll","background-type":"","background-media":"","overlay-type":"","overlay-color":"","overlay-opacity":"","overlay-gradient":""},"mobile":{"background-color":"","background-image":"","background-repeat":"repeat","background-position":"center center","background-size":"auto","background-attachment":"scroll","background-type":"","background-media":"","overlay-type":"","overlay-color":"","overlay-opacity":"","overlay-gradient":""}},"ast-content-background-meta":{"desktop":{"background-color":"var(--ast-global-color-4)","background-image":"","background-repeat":"repeat","background-position":"center center","background-size":"auto","background-attachment":"scroll","background-type":"","background-media":"","overlay-type":"","overlay-color":"","overlay-opacity":"","overlay-gradient":""},"tablet":{"background-color":"var(--ast-global-color-4)","background-image":"","background-repeat":"repeat","background-position":"center center","background-size":"auto","background-attachment":"scroll","background-type":"","background-media":"","overlay-type":"","overlay-color":"","overlay-opacity":"","overlay-gradient":""},"mobile":{"background-color":"var(--ast-global-color-4)","background-image":"","background-repeat":"repeat","background-position":"center center","background-size":"auto","background-attachment":"scroll","background-type":"","background-media":"","overlay-type":"","overlay-color":"","overlay-opacity":"","overlay-gradient":""}},"footnotes":""},"class_list":["post-1075","page","type-page","status-publish","hentry"],"_links":{"self":[{"href":"https:\/\/apsoluti.com.co\/contents\/wp-json\/wp\/v2\/pages\/1075","targetHints":{"allow":["GET"]}}],"collection":[{"href":"https:\/\/apsoluti.com.co\/contents\/wp-json\/wp\/v2\/pages"}],"about":[{"href":"https:\/\/apsoluti.com.co\/contents\/wp-json\/wp\/v2\/types\/page"}],"author":[{"embeddable":true,"href":"https:\/\/apsoluti.com.co\/contents\/wp-json\/wp\/v2\/users\/1"}],"replies":[{"embeddable":true,"href":"https:\/\/apsoluti.com.co\/contents\/wp-json\/wp\/v2\/comments?post=1075"}],"version-history":[{"count":58,"href":"https:\/\/apsoluti.com.co\/contents\/wp-json\/wp\/v2\/pages\/1075\/revisions"}],"predecessor-version":[{"id":1192,"href":"https:\/\/apsoluti.com.co\/contents\/wp-json\/wp\/v2\/pages\/1075\/revisions\/1192"}],"wp:attachment":[{"href":"https:\/\/apsoluti.com.co\/contents\/wp-json\/wp\/v2\/media?parent=1075"}],"curies":[{"name":"wp","href":"https:\/\/api.w.org\/{rel}","templated":true}]}}